{"id":1572,"date":"2019-01-22T20:46:14","date_gmt":"2019-01-22T19:46:14","guid":{"rendered":"http:\/\/apartmani-rusula.com\/?page_id=1572"},"modified":"2019-12-17T11:33:53","modified_gmt":"2019-12-17T10:33:53","slug":"kako-doci-do-nas","status":"publish","type":"page","link":"https:\/\/apartmani-rusula.com\/hr\/kako-doci-do-nas\/","title":{"rendered":"Lokacija"},"content":{"rendered":"\t\t<div data-elementor-type=\"wp-post\" data-elementor-id=\"1572\" class=\"elementor elementor-1572\">\n\t\t\t\t\t\t<div class=\"elementor-inner\">\n\t\t\t\t<div class=\"elementor-section-wrap\">\n\t\t\t\t\t\t\t\t\t<section class=\"elementor-section elementor-top-section elementor-element elementor-element-7a2e9d4 elementor-section-stretched elementor-section-full_width elementor-section-height-default elementor-section-height-default\" data-id=\"7a2e9d4\" data-element_type=\"section\" data-settings=\"{&quot;stretch_section&quot;:&quot;section-stretched&quot;}\">\n\t\t\t\t\t\t<div class=\"elementor-container elementor-column-gap-default\">\n\t\t\t\t\t\t\t<div class=\"elementor-row\">\n\t\t\t\t\t<div class=\"elementor-column elementor-col-100 elementor-top-column elementor-element elementor-element-67b3213\" data-id=\"67b3213\" data-element_type=\"column\">\n\t\t\t<div class=\"elementor-column-wrap\">\n\t\t\t\t\t\t\t<div class=\"elementor-widget-wrap\">\n\t\t\t\t\t\t\t\t<\/div>\n\t\t\t\t\t<\/div>\n\t\t<\/div>\n\t\t\t\t\t\t\t\t<\/div>\n\t\t\t\t\t<\/div>\n\t\t<\/section>\n\t\t\t\t<section class=\"elementor-section elementor-top-section elementor-element elementor-element-4032505 elementor-section-boxed elementor-section-height-default elementor-section-height-default\" data-id=\"4032505\" data-element_type=\"section\">\n\t\t\t\t\t\t<div class=\"elementor-container elementor-column-gap-default\">\n\t\t\t\t\t\t\t<div class=\"elementor-row\">\n\t\t\t\t\t<div class=\"elementor-column elementor-col-100 elementor-top-column elementor-element elementor-element-99f1489\" data-id=\"99f1489\" data-element_type=\"column\">\n\t\t\t<div class=\"elementor-column-wrap elementor-element-populated\">\n\t\t\t\t\t\t\t<div class=\"elementor-widget-wrap\">\n\t\t\t\t\t\t<div class=\"elementor-element elementor-element-b783fb1 elementor-widget elementor-widget-text-editor\" data-id=\"b783fb1\" data-element_type=\"widget\" data-widget_type=\"text-editor.default\">\n\t\t\t\t<div class=\"elementor-widget-container\">\n\t\t\t\t\t\t\t\t<div class=\"elementor-text-editor elementor-clearfix\">\n\t\t\t\t<h4 style=\"text-align: center;\"><span style=\"color: #003366;\">LOKACIJA<\/span><\/h4><p>Apartmani Rusula smje\u0161teni su u obiteljskoj ku\u0107i u uvali Osibova, koja se nalazi 2 km ju\u017eno od Milne.<\/p><h6><span style=\"color: #001166;\"><strong>Kako nas prona\u0107i?<\/strong><\/span><\/h6><p>Ukoliko ste se odlu\u010dili na odmor doputovati vlastitim automobilom, lako \u0107ete nas prona\u0107i prema uputama iz prilo\u017eenih mapa. U slu\u010daju da imate pote\u0161ko\u0107a oko pronala\u017eenja apartmana, javite nam se i mi \u0107emo sa zadovoljstvom pomo\u0107i vam i dovesti vas do odredi\u0161ta.<\/p><p>Ina\u010de, ako putujete na Bra\u010d avionom, brodom ili autobusom, koristite javni prijevoz do Milne. Kada stignete u Milnu kontaktirajte nas telefonom i mi \u0107emo do\u0107i po vas i odvesti vas do apartmana.<\/p>\t\t\t\t\t<\/div>\n\t\t\t\t\t\t<\/div>\n\t\t\t\t<\/div>\n\t\t\t\t<section class=\"elementor-section elementor-inner-section elementor-element elementor-element-65f9f02 elementor-section-boxed elementor-section-height-default elementor-section-height-default\" data-id=\"65f9f02\" data-element_type=\"section\">\n\t\t\t\t\t\t<div class=\"elementor-container elementor-column-gap-default\">\n\t\t\t\t\t\t\t<div class=\"elementor-row\">\n\t\t\t\t\t<div class=\"elementor-column elementor-col-50 elementor-inner-column elementor-element elementor-element-ebc4f9e\" data-id=\"ebc4f9e\" data-element_type=\"column\">\n\t\t\t<div class=\"elementor-column-wrap elementor-element-populated\">\n\t\t\t\t\t\t\t<div class=\"elementor-widget-wrap\">\n\t\t\t\t\t\t<div class=\"elementor-element elementor-element-e64072e elementor-widget elementor-widget-text-editor\" data-id=\"e64072e\" data-element_type=\"widget\" data-widget_type=\"text-editor.default\">\n\t\t\t\t<div class=\"elementor-widget-container\">\n\t\t\t\t\t\t\t\t<div class=\"elementor-text-editor elementor-clearfix\">\n\t\t\t\t<p><style type=\"text\/css\" id=\"gmpMapStyles_1_447\">\r\n\t#google_map_easy_1_447 {\r\n        width: 100%;\r\n        height: 600px;\r\n\t\t\t\t\t\t    }\r\n\t#gmapControlsNum_1_447 {\r\n\t\twidth:100%\t}\r\n\t.gmpMapDetailsContainer#gmpMapDetailsContainer_1_447 {\r\n\t\theight:600px;\r\n\t}\r\n\t.gmp_MapPreview#google_map_easy_1_447 {\r\n\t\t\/*position:absolute;*\/\r\n\t\twidth: 100%;\r\n\t}\r\n\t#mapConElem_1_447{\r\n\t\twidth: 100%\t}\r\n    .gm-style .gm-style-iw-c{\r\n        padding: 12px!important;\r\n    }\r\n\t    <\/style>\r\n <div class=\"gmp_map_opts\" id=\"mapConElem_1_447\" data-id=\"1\" data-view-id=\"1_447\" > <div class=\"gmpMapDetailsContainer\" id=\"gmpMapDetailsContainer_1_447\"> <i class=\"gmpKMLLayersPreloader fa fa-spinner fa-spin\" aria-hidden=\"true\" style=\"display: none;\"><\/i> <div class=\"gmp_MapPreview \" id=\"google_map_easy_1_447\"><\/div> <\/div> <div class=\"gmpMapMarkerFilters\" id=\"gmpMapMarkerFilters_1_447\"> <\/div> <div class=\"gmpMapProControlsCon\" id=\"gmpMapProControlsCon_1_447\"> <a title=\"WP Google Maps\" style=\"display:none;\" href=\"https:\/\/supsystic.com\/plugins\/google-maps-plugin\/?utm_medium=love_link_hide\" target=\"_blank\">WP Google Maps<\/a><div style=\"clear: both;\"><\/div> <\/div> <div class=\"gmpMapProDirectionsCon\" id=\"gmpMapProDirectionsCon_1_447\" > <\/div> <div class=\"gmpMapProKmlFilterCon\" id=\"gmpMapProKmlFilterCon_1_447\" > <\/div> <div class=\"gmpSocialSharingShell gmpSocialSharingShell_1_447\"> <\/div> <div style=\"clear: both;\"><\/div> <\/div> <\/p>\t\t\t\t\t<\/div>\n\t\t\t\t\t\t<\/div>\n\t\t\t\t<\/div>\n\t\t\t\t\t\t<\/div>\n\t\t\t\t\t<\/div>\n\t\t<\/div>\n\t\t\t\t<div class=\"elementor-column elementor-col-50 elementor-inner-column elementor-element elementor-element-7e551ba\" data-id=\"7e551ba\" data-element_type=\"column\">\n\t\t\t<div class=\"elementor-column-wrap elementor-element-populated\">\n\t\t\t\t\t\t\t<div class=\"elementor-widget-wrap\">\n\t\t\t\t\t\t<div class=\"elementor-element elementor-element-b75af97 elementor-widget elementor-widget-text-editor\" data-id=\"b75af97\" data-element_type=\"widget\" data-widget_type=\"text-editor.default\">\n\t\t\t\t<div class=\"elementor-widget-container\">\n\t\t\t\t\t\t\t\t<div class=\"elementor-text-editor elementor-clearfix\">\n\t\t\t\t<h4 style=\"text-align: center;\"><span style=\"color: #003366;\">UDALJENOSTI OD OBJEKTA<\/span><\/h4><p><div class=\"supsystic-table-loader spinner\"style=\"background-color:#000000\"><\/div><div id=\"supsystic-table-6_92035\" class=\"supsystic-tables-wrap disable-responsive\" style=\" visibility: hidden; \" ><table id=\"supsystic-table-6\" class=\"supsystic-table compact nowrap paragraphMode border stripe lightboxImg no-border\" data-id=\"6\" data-view-id=\"6_92035\" data-title=\"Udaljenosti od apartmana 1\" data-currency-format=\"$1,000.00\" data-percent-format=\"10.00%\" data-date-format=\"DD.MM.YYYY\" data-time-format=\"HH:mm\" data-features=\"[&quot;after_table_loaded_script&quot;,&quot;auto_width&quot;]\" data-search-value=\"\" data-lightbox-img=\"\" data-head-rows-count=\"1\" data-pagination-length=\"50,100,All\" data-auto-index=\"off\" data-searching-settings=\"{&quot;columnSearchPosition&quot;:&quot;bottom&quot;,&quot;minChars&quot;:&quot;0&quot;}\" data-lang=\"default\" data-override=\"{&quot;emptyTable&quot;:&quot;&quot;,&quot;info&quot;:&quot;&quot;,&quot;infoEmpty&quot;:&quot;&quot;,&quot;infoFiltered&quot;:&quot;&quot;,&quot;lengthMenu&quot;:&quot;&quot;,&quot;search&quot;:&quot;&quot;,&quot;zeroRecords&quot;:&quot;&quot;,&quot;exportLabel&quot;:&quot;&quot;,&quot;file&quot;:&quot;default&quot;}\" data-merged=\"[]\" data-responsive-mode=\"3\" data-from-history=\"0\" ><thead><tr><th class=\"\" style=\"width:; padding: 0 !important;\"><\/th><th class=\"\" style=\"width:; padding: 0 !important;\"><\/th><\/tr><\/thead><tbody><tr style=\"height:px\" ><td data-cell-id=\"A1\" data-x=\"0\" data-y=\"1\" data-db-index=\"1\" class=\"fsize-16 htLeft bg-ecf0f0 color-000000\" data-cell-type=\"text\" data-original-value=\"more\" data-order=\"more\" >more <\/td><td data-cell-id=\"B1\" data-x=\"1\" data-y=\"1\" data-db-index=\"1\" class=\"htRight fsize-16 bg-ecf0f0 color-000000\" data-cell-type=\"text\" data-original-value=\"250 m\" data-order=\"250 m\" >250 m <\/td><\/tr><tr style=\"height:px\" ><td data-cell-id=\"A2\" data-x=\"0\" data-y=\"2\" data-db-index=\"2\" class=\"fsize-16 bg-ecf0f0 color-000000\" data-cell-type=\"text\" data-original-value=\"centar\" data-order=\"centar\" >centar <\/td><td data-cell-id=\"B2\" data-x=\"1\" data-y=\"2\" data-db-index=\"2\" class=\"htRight fsize-16 bg-ecf0f0 color-000000\" data-cell-type=\"text\" data-original-value=\"2000 m\" data-order=\"2000 m\" >2000 m <\/td><\/tr><tr style=\"height:px\" ><td data-cell-id=\"A3\" data-x=\"0\" data-y=\"3\" data-db-index=\"3\" class=\"fsize-16 bg-ecf0f0 color-000000\" data-cell-type=\"text\" data-original-value=\"trgovina\" data-order=\"trgovina\" >trgovina <\/td><td data-cell-id=\"B3\" data-x=\"1\" data-y=\"3\" data-db-index=\"3\" class=\"htRight fsize-16 bg-ecf0f0 color-000000\" data-cell-type=\"text\" data-original-value=\"2000 m\" data-order=\"2000 m\" >2000 m <\/td><\/tr><tr style=\"height:px\" ><td data-cell-id=\"A4\" data-x=\"0\" data-y=\"4\" data-db-index=\"4\" class=\"fsize-16 bg-ecf0f0 color-000000\" data-cell-type=\"text\" data-original-value=\"ljekarna\" data-order=\"ljekarna\" >ljekarna <\/td><td data-cell-id=\"B4\" data-x=\"1\" data-y=\"4\" data-db-index=\"4\" class=\"htRight fsize-16 bg-ecf0f0 color-000000\" data-cell-type=\"text\" data-original-value=\"2200 m\" data-order=\"2200 m\" >2200 m <\/td><\/tr><tr style=\"height:px\" ><td data-cell-id=\"A5\" data-x=\"0\" data-y=\"5\" data-db-index=\"5\" class=\"fsize-16 bg-ecf0f0 color-000000\" data-cell-type=\"text\" data-original-value=\"po\u0161ta\" data-order=\"po\u0161ta\" >po\u0161ta <\/td><td data-cell-id=\"B5\" data-x=\"1\" data-y=\"5\" data-db-index=\"5\" class=\"htRight fsize-16 bg-ecf0f0 color-000000\" data-cell-type=\"text\" data-original-value=\"2000 m\" data-order=\"2000 m\" >2000 m <\/td><\/tr><tr style=\"height:px\" ><td data-cell-id=\"A6\" data-x=\"0\" data-y=\"6\" data-db-index=\"6\" class=\"bg-ecf0f0 color-000000\" data-cell-type=\"text\" data-original-value=\"restoran\" data-order=\"restoran\" >restoran <\/td><td data-cell-id=\"B6\" data-x=\"1\" data-y=\"6\" data-db-index=\"6\" class=\"htRight bg-ecf0f0 color-000000\" data-cell-type=\"text\" data-original-value=\"800 m\" data-order=\"800 m\" >800 m <\/td><\/tr><tr style=\"height:px\" ><td data-cell-id=\"A7\" data-x=\"0\" data-y=\"7\" data-db-index=\"7\" class=\"bg-ecf0f0 color-000000\" data-cell-type=\"text\" data-original-value=\"caffe bar\" data-order=\"caffe bar\" >caffe bar <\/td><td data-cell-id=\"B7\" data-x=\"1\" data-y=\"7\" data-db-index=\"7\" class=\"htRight bg-ecf0f0 color-000000\" data-cell-type=\"text\" data-original-value=\"250 m\" data-order=\"250 m\" >250 m <\/td><\/tr><tr style=\"height:px\" ><td data-cell-id=\"A8\" data-x=\"0\" data-y=\"8\" data-db-index=\"8\" class=\"bg-ecf0f0 color-000000\" data-cell-type=\"text\" data-original-value=\"bankomat\" data-order=\"bankomat\" >bankomat <\/td><td data-cell-id=\"B8\" data-x=\"1\" data-y=\"8\" data-db-index=\"8\" class=\"htRight bg-ecf0f0 color-000000\" data-cell-type=\"text\" data-original-value=\"200 m\" data-order=\"200 m\" >200 m <\/td><\/tr><tr style=\"height:px\" ><td data-cell-id=\"A9\" data-x=\"0\" data-y=\"9\" data-db-index=\"9\" class=\"bg-ecf0f0 color-000000\" data-cell-type=\"text\" data-original-value=\"ambulanta\" data-order=\"ambulanta\" >ambulanta <\/td><td data-cell-id=\"B9\" data-x=\"1\" data-y=\"9\" data-db-index=\"9\" class=\"htRight bg-ecf0f0 color-000000\" data-cell-type=\"text\" data-original-value=\"2000 m\" data-order=\"2000 m\" >2000 m <\/td><\/tr><tr style=\"height:px\" ><td data-cell-id=\"A10\" data-x=\"0\" data-y=\"10\" data-db-index=\"10\" class=\"bg-ecf0f0 color-000000\" data-cell-type=\"text\" data-original-value=\"benzinska postaja\" data-order=\"benzinska postaja\" >benzinska postaja <\/td><td data-cell-id=\"B10\" data-x=\"1\" data-y=\"10\" data-db-index=\"10\" class=\"htRight bg-ecf0f0 color-000000\" data-cell-type=\"text\" data-original-value=\"2000 m\" data-order=\"2000 m\" >2000 m <\/td><\/tr><tr style=\"height:px\" ><td data-cell-id=\"A11\" data-x=\"0\" data-y=\"11\" data-db-index=\"11\" class=\"bg-ecf0f0 color-000000\" data-cell-type=\"text\" data-original-value=\"Uvala Lu\u010dice\" data-order=\"Uvala Lu\u010dice\" >Uvala Lu\u010dice <\/td><td data-cell-id=\"B11\" data-x=\"1\" data-y=\"11\" data-db-index=\"11\" class=\"htRight bg-ecf0f0 color-000000\" data-cell-type=\"text\" data-original-value=\"600 m\" data-order=\"600 m\" >600 m <\/td><\/tr><tr style=\"height:px\" ><td data-cell-id=\"A12\" data-x=\"0\" data-y=\"12\" data-db-index=\"12\" class=\"bg-ecf0f0 color-000000\" data-cell-type=\"text\" data-original-value=\"Pustinja Blaca\" data-order=\"Pustinja Blaca\" >Pustinja Blaca <\/td><td data-cell-id=\"B12\" data-x=\"1\" data-y=\"12\" data-db-index=\"12\" class=\"htRight bg-ecf0f0 color-000000\" data-cell-type=\"text\" data-original-value=\"20 km\" data-order=\"20 km\" >20 km <\/td><\/tr><tr style=\"height:px\" ><td data-cell-id=\"A13\" data-x=\"0\" data-y=\"13\" data-db-index=\"13\" class=\"bg-ecf0f0 color-000000\" data-cell-type=\"text\" data-original-value=\"Vidova gora\" data-order=\"Vidova gora\" >Vidova gora <\/td><td data-cell-id=\"B13\" data-x=\"1\" data-y=\"13\" data-db-index=\"13\" class=\"htRight bg-ecf0f0 color-000000\" data-cell-type=\"text\" data-original-value=\"22 km\" data-order=\"22 km\" >22 km <\/td><\/tr><tr style=\"height:px\" ><td data-cell-id=\"A14\" data-x=\"0\" data-y=\"14\" data-db-index=\"14\" class=\"bg-ecf0f0 color-000000\" data-cell-type=\"text\" data-original-value=\"Supetar\" data-order=\"Supetar\" >Supetar <\/td><td data-cell-id=\"B14\" data-x=\"1\" data-y=\"14\" data-db-index=\"14\" class=\"htRight bg-ecf0f0 color-000000\" data-cell-type=\"text\" data-original-value=\"18 km\" data-order=\"18 km\" >18 km <\/td><\/tr><tr style=\"height:px\" ><td data-cell-id=\"A15\" data-x=\"0\" data-y=\"15\" data-db-index=\"15\" class=\"bg-ecf0f0 color-000000\" data-cell-type=\"text\" data-original-value=\"Bol (Zlatni rat)\" data-order=\"Bol (Zlatni rat)\" >Bol (Zlatni rat) <\/td><td data-cell-id=\"B15\" data-x=\"1\" data-y=\"15\" data-db-index=\"15\" class=\"htRight bg-ecf0f0 color-000000\" data-cell-type=\"text\" data-original-value=\"40 km\" data-order=\"40 km\" >40 km <\/td><\/tr><\/tbody><\/table><!-- \/#supsystic-table-6.supsystic-table --><\/div><!-- \/.supsystic-tables-wrap --><!-- Tables Generator by Supsystic --><!-- Version:1.10.36 --><!-- http:\/\/supsystic.com\/ --><a title=\"WordPress Tables\" style=\"display:none;\" href=\"https:\/\/supsystic.com\/plugins\/wordpress-data-table-plugin\/?utm_medium=love_link\" target=\"_blank\">WordPress Tables<\/a><\/p>\t\t\t\t\t<\/div>\n\t\t\t\t\t\t<\/div>\n\t\t\t\t<\/div>\n\t\t\t\t\t\t<\/div>\n\t\t\t\t\t<\/div>\n\t\t<\/div>\n\t\t\t\t\t\t\t\t<\/div>\n\t\t\t\t\t<\/div>\n\t\t<\/section>\n\t\t\t\t\t\t<\/div>\n\t\t\t\t\t<\/div>\n\t\t<\/div>\n\t\t\t\t\t\t\t\t<\/div>\n\t\t\t\t\t<\/div>\n\t\t<\/section>\n\t\t\t\t\t\t\t\t\t<\/div>\n\t\t\t<\/div>\n\t\t\t\t\t<\/div>\n\t\t","protected":false},"excerpt":{"rendered":"<p>LOKACIJA Apartmani Rusula smje\u0161teni su u obiteljskoj ku\u0107i u uvali Osibova, koja se nalazi 2 km ju\u017eno od Milne. Kako nas prona\u0107i? Ukoliko ste se odlu\u010dili na odmor doputovati vlastitim automobilom, lako \u0107ete nas prona\u0107i prema uputama iz prilo\u017eenih mapa. U slu\u010daju da imate pote\u0161ko\u0107a oko pronala\u017eenja apartmana, javite nam se i mi \u0107emo sa [&hellip;]<\/p>\n","protected":false},"author":1,"featured_media":1121,"parent":0,"menu_order":0,"comment_status":"closed","ping_status":"closed","template":"","meta":[],"yoast_head":"<!-- This site is optimized with the Yoast SEO plugin v20.6 - https:\/\/yoast.com\/wordpress\/plugins\/seo\/ -->\n<title>Lokacija - apartmani-rusula<\/title>\n<meta name=\"robots\" content=\"index, follow, max-snippet:-1, max-image-preview:large, max-video-preview:-1\" \/>\n<link rel=\"canonical\" href=\"http:\/\/apartmani-rusula.com\/hr\/kako-doci-do-nas\/\" \/>\n<meta property=\"og:locale\" content=\"hr_HR\" \/>\n<meta property=\"og:type\" content=\"article\" \/>\n<meta property=\"og:title\" content=\"Lokacija - apartmani-rusula\" \/>\n<meta property=\"og:description\" content=\"LOKACIJA Apartmani Rusula smje\u0161teni su u obiteljskoj ku\u0107i u uvali Osibova, koja se nalazi 2 km ju\u017eno od Milne. Kako nas prona\u0107i? Ukoliko ste se odlu\u010dili na odmor doputovati vlastitim automobilom, lako \u0107ete nas prona\u0107i prema uputama iz prilo\u017eenih mapa. U slu\u010daju da imate pote\u0161ko\u0107a oko pronala\u017eenja apartmana, javite nam se i mi \u0107emo sa [&hellip;]\" \/>\n<meta property=\"og:url\" content=\"http:\/\/apartmani-rusula.com\/hr\/kako-doci-do-nas\/\" \/>\n<meta property=\"og:site_name\" content=\"apartmani-rusula\" \/>\n<meta property=\"article:modified_time\" content=\"2019-12-17T10:33:53+00:00\" \/>\n<meta property=\"og:image\" content=\"http:\/\/apartmani-rusula.com\/wp-content\/uploads\/2018\/12\/Banner_1.jpg\" \/>\n\t<meta property=\"og:image:width\" content=\"1916\" \/>\n\t<meta property=\"og:image:height\" content=\"311\" \/>\n\t<meta property=\"og:image:type\" content=\"image\/jpeg\" \/>\n<meta name=\"twitter:card\" content=\"summary_large_image\" \/>\n<meta name=\"twitter:label1\" content=\"Procijenjeno vrijeme \u010ditanja\" \/>\n\t<meta name=\"twitter:data1\" content=\"1 minuta\" \/>\n<script type=\"application\/ld+json\" class=\"yoast-schema-graph\">{\"@context\":\"https:\/\/schema.org\",\"@graph\":[{\"@type\":\"WebPage\",\"@id\":\"http:\/\/apartmani-rusula.com\/hr\/kako-doci-do-nas\/\",\"url\":\"http:\/\/apartmani-rusula.com\/hr\/kako-doci-do-nas\/\",\"name\":\"Lokacija - apartmani-rusula\",\"isPartOf\":{\"@id\":\"https:\/\/apartmani-rusula.com\/hr\/#website\"},\"datePublished\":\"2019-01-22T19:46:14+00:00\",\"dateModified\":\"2019-12-17T10:33:53+00:00\",\"breadcrumb\":{\"@id\":\"http:\/\/apartmani-rusula.com\/hr\/kako-doci-do-nas\/#breadcrumb\"},\"inLanguage\":\"hr\",\"potentialAction\":[{\"@type\":\"ReadAction\",\"target\":[\"http:\/\/apartmani-rusula.com\/hr\/kako-doci-do-nas\/\"]}]},{\"@type\":\"BreadcrumbList\",\"@id\":\"http:\/\/apartmani-rusula.com\/hr\/kako-doci-do-nas\/#breadcrumb\",\"itemListElement\":[{\"@type\":\"ListItem\",\"position\":1,\"name\":\"Po\u010detna stranica\",\"item\":\"https:\/\/apartmani-rusula.com\/hr\/\"},{\"@type\":\"ListItem\",\"position\":2,\"name\":\"Lokacija\"}]},{\"@type\":\"WebSite\",\"@id\":\"https:\/\/apartmani-rusula.com\/hr\/#website\",\"url\":\"https:\/\/apartmani-rusula.com\/hr\/\",\"name\":\"apartmani-rusula\",\"description\":\"Sjajno mjesto za va\u0161 obiteljski odmor\",\"publisher\":{\"@id\":\"https:\/\/apartmani-rusula.com\/hr\/#\/schema\/person\/41d5dcebde772fb095d34b0e6c22a28d\"},\"potentialAction\":[{\"@type\":\"SearchAction\",\"target\":{\"@type\":\"EntryPoint\",\"urlTemplate\":\"https:\/\/apartmani-rusula.com\/hr\/?s={search_term_string}\"},\"query-input\":\"required name=search_term_string\"}],\"inLanguage\":\"hr\"},{\"@type\":[\"Person\",\"Organization\"],\"@id\":\"https:\/\/apartmani-rusula.com\/hr\/#\/schema\/person\/41d5dcebde772fb095d34b0e6c22a28d\",\"name\":\"smaretic\",\"image\":{\"@type\":\"ImageObject\",\"inLanguage\":\"hr\",\"@id\":\"https:\/\/apartmani-rusula.com\/hr\/#\/schema\/person\/image\/\",\"url\":\"https:\/\/secure.gravatar.com\/avatar\/40db27dd6db4fc60bc2f3682473aba3a?s=96&d=mm&r=g\",\"contentUrl\":\"https:\/\/secure.gravatar.com\/avatar\/40db27dd6db4fc60bc2f3682473aba3a?s=96&d=mm&r=g\",\"caption\":\"smaretic\"},\"logo\":{\"@id\":\"https:\/\/apartmani-rusula.com\/hr\/#\/schema\/person\/image\/\"}}]}<\/script>\n<!-- \/ Yoast SEO plugin. -->","yoast_head_json":{"title":"Lokacija - apartmani-rusula","robots":{"index":"index","follow":"follow","max-snippet":"max-snippet:-1","max-image-preview":"max-image-preview:large","max-video-preview":"max-video-preview:-1"},"canonical":"http:\/\/apartmani-rusula.com\/hr\/kako-doci-do-nas\/","og_locale":"hr_HR","og_type":"article","og_title":"Lokacija - apartmani-rusula","og_description":"LOKACIJA Apartmani Rusula smje\u0161teni su u obiteljskoj ku\u0107i u uvali Osibova, koja se nalazi 2 km ju\u017eno od Milne. Kako nas prona\u0107i? Ukoliko ste se odlu\u010dili na odmor doputovati vlastitim automobilom, lako \u0107ete nas prona\u0107i prema uputama iz prilo\u017eenih mapa. U slu\u010daju da imate pote\u0161ko\u0107a oko pronala\u017eenja apartmana, javite nam se i mi \u0107emo sa [&hellip;]","og_url":"http:\/\/apartmani-rusula.com\/hr\/kako-doci-do-nas\/","og_site_name":"apartmani-rusula","article_modified_time":"2019-12-17T10:33:53+00:00","og_image":[{"width":1916,"height":311,"url":"http:\/\/apartmani-rusula.com\/wp-content\/uploads\/2018\/12\/Banner_1.jpg","type":"image\/jpeg"}],"twitter_card":"summary_large_image","twitter_misc":{"Procijenjeno vrijeme \u010ditanja":"1 minuta"},"schema":{"@context":"https:\/\/schema.org","@graph":[{"@type":"WebPage","@id":"http:\/\/apartmani-rusula.com\/hr\/kako-doci-do-nas\/","url":"http:\/\/apartmani-rusula.com\/hr\/kako-doci-do-nas\/","name":"Lokacija - apartmani-rusula","isPartOf":{"@id":"https:\/\/apartmani-rusula.com\/hr\/#website"},"datePublished":"2019-01-22T19:46:14+00:00","dateModified":"2019-12-17T10:33:53+00:00","breadcrumb":{"@id":"http:\/\/apartmani-rusula.com\/hr\/kako-doci-do-nas\/#breadcrumb"},"inLanguage":"hr","potentialAction":[{"@type":"ReadAction","target":["http:\/\/apartmani-rusula.com\/hr\/kako-doci-do-nas\/"]}]},{"@type":"BreadcrumbList","@id":"http:\/\/apartmani-rusula.com\/hr\/kako-doci-do-nas\/#breadcrumb","itemListElement":[{"@type":"ListItem","position":1,"name":"Po\u010detna stranica","item":"https:\/\/apartmani-rusula.com\/hr\/"},{"@type":"ListItem","position":2,"name":"Lokacija"}]},{"@type":"WebSite","@id":"https:\/\/apartmani-rusula.com\/hr\/#website","url":"https:\/\/apartmani-rusula.com\/hr\/","name":"apartmani-rusula","description":"Sjajno mjesto za va\u0161 obiteljski odmor","publisher":{"@id":"https:\/\/apartmani-rusula.com\/hr\/#\/schema\/person\/41d5dcebde772fb095d34b0e6c22a28d"},"potentialAction":[{"@type":"SearchAction","target":{"@type":"EntryPoint","urlTemplate":"https:\/\/apartmani-rusula.com\/hr\/?s={search_term_string}"},"query-input":"required name=search_term_string"}],"inLanguage":"hr"},{"@type":["Person","Organization"],"@id":"https:\/\/apartmani-rusula.com\/hr\/#\/schema\/person\/41d5dcebde772fb095d34b0e6c22a28d","name":"smaretic","image":{"@type":"ImageObject","inLanguage":"hr","@id":"https:\/\/apartmani-rusula.com\/hr\/#\/schema\/person\/image\/","url":"https:\/\/secure.gravatar.com\/avatar\/40db27dd6db4fc60bc2f3682473aba3a?s=96&d=mm&r=g","contentUrl":"https:\/\/secure.gravatar.com\/avatar\/40db27dd6db4fc60bc2f3682473aba3a?s=96&d=mm&r=g","caption":"smaretic"},"logo":{"@id":"https:\/\/apartmani-rusula.com\/hr\/#\/schema\/person\/image\/"}}]}},"_links":{"self":[{"href":"https:\/\/apartmani-rusula.com\/hr\/wp-json\/wp\/v2\/pages\/1572"}],"collection":[{"href":"https:\/\/apartmani-rusula.com\/hr\/wp-json\/wp\/v2\/pages"}],"about":[{"href":"https:\/\/apartmani-rusula.com\/hr\/wp-json\/wp\/v2\/types\/page"}],"author":[{"embeddable":true,"href":"https:\/\/apartmani-rusula.com\/hr\/wp-json\/wp\/v2\/users\/1"}],"replies":[{"embeddable":true,"href":"https:\/\/apartmani-rusula.com\/hr\/wp-json\/wp\/v2\/comments?post=1572"}],"version-history":[{"count":68,"href":"https:\/\/apartmani-rusula.com\/hr\/wp-json\/wp\/v2\/pages\/1572\/revisions"}],"predecessor-version":[{"id":2293,"href":"https:\/\/apartmani-rusula.com\/hr\/wp-json\/wp\/v2\/pages\/1572\/revisions\/2293"}],"wp:featuredmedia":[{"embeddable":true,"href":"https:\/\/apartmani-rusula.com\/hr\/wp-json\/wp\/v2\/media\/1121"}],"wp:attachment":[{"href":"https:\/\/apartmani-rusula.com\/hr\/wp-json\/wp\/v2\/media?parent=1572"}],"curies":[{"name":"wp","href":"https:\/\/api.w.org\/{rel}","templated":true}]}}