{"id":1557,"date":"2019-01-22T16:26:41","date_gmt":"2019-01-22T15:26:41","guid":{"rendered":"http:\/\/apartmani-rusula.com\/?page_id=1557"},"modified":"2019-12-15T12:58:10","modified_gmt":"2019-12-15T11:58:10","slug":"smjestaj-u-apartmanima-rusula","status":"publish","type":"page","link":"https:\/\/apartmani-rusula.com\/hr\/smjestaj-u-apartmanima-rusula\/","title":{"rendered":"Smje\u0161taj"},"content":{"rendered":"\t\t<div data-elementor-type=\"wp-post\" data-elementor-id=\"1557\" class=\"elementor elementor-1557 elementor-bc-flex-widget\">\n\t\t\t\t\t\t<div class=\"elementor-inner\">\n\t\t\t\t<div class=\"elementor-section-wrap\">\n\t\t\t\t\t\t\t\t\t<section class=\"elementor-section elementor-top-section elementor-element elementor-element-7de32d6 elementor-section-boxed elementor-section-height-default elementor-section-height-default\" data-id=\"7de32d6\" data-element_type=\"section\">\n\t\t\t\t\t\t<div class=\"elementor-container elementor-column-gap-default\">\n\t\t\t\t\t\t\t<div class=\"elementor-row\">\n\t\t\t\t\t<div class=\"elementor-column elementor-col-33 elementor-top-column elementor-element elementor-element-87d04e1\" data-id=\"87d04e1\" data-element_type=\"column\">\n\t\t\t<div class=\"elementor-column-wrap elementor-element-populated\">\n\t\t\t\t\t\t\t<div class=\"elementor-widget-wrap\">\n\t\t\t\t\t\t<div class=\"elementor-element elementor-element-83600cf elementor-invisible elementor-widget elementor-widget-image\" data-id=\"83600cf\" data-element_type=\"widget\" data-settings=\"{&quot;_animation&quot;:&quot;zoomIn&quot;}\" data-widget_type=\"image.default\">\n\t\t\t\t<div class=\"elementor-widget-container\">\n\t\t\t\t\t\t\t\t<div class=\"elementor-image\">\n\t\t\t\t\t\t\t\t\t\t\t\t\t<a href=\"http:\/\/apartman-nina\">\n\t\t\t\t\t\t\t<img decoding=\"async\" width=\"370\" height=\"270\" src=\"https:\/\/apartmani-rusula.com\/wp-content\/uploads\/2018\/12\/Prizemlje-ulazni-trijem-terasa-2-370x270.jpg\" class=\"elementor-animation-grow attachment-patelproperty-gallery-three-column size-patelproperty-gallery-three-column wp-image-1313\" alt=\"\" loading=\"lazy\" \/>\t\t\t\t\t\t\t\t<\/a>\n\t\t\t\t\t\t\t\t\t\t\t\t\t\t<\/div>\n\t\t\t\t\t\t<\/div>\n\t\t\t\t<\/div>\n\t\t\t\t<div class=\"elementor-element elementor-element-09b3fa1 elementor-widget elementor-widget-text-editor\" data-id=\"09b3fa1\" data-element_type=\"widget\" data-widget_type=\"text-editor.default\">\n\t\t\t\t<div class=\"elementor-widget-container\">\n\t\t\t\t\t\t\t\t<div class=\"elementor-text-editor elementor-clearfix\">\n\t\t\t\t<p style=\"text-align: center;\">Apartman NINA<\/p>\t\t\t\t\t<\/div>\n\t\t\t\t\t\t<\/div>\n\t\t\t\t<\/div>\n\t\t\t\t<div class=\"elementor-element elementor-element-97fd043 elementor-widget elementor-widget-text-editor\" data-id=\"97fd043\" data-element_type=\"widget\" data-widget_type=\"text-editor.default\">\n\t\t\t\t<div class=\"elementor-widget-container\">\n\t\t\t\t\t\t\t\t<div class=\"elementor-text-editor elementor-clearfix\">\n\t\t\t\t<ul><li>Povr\u0161ina <span class=\"xr_tl xr_s1\">57\u00a0m<sup>2<\/sup>,\u00a0 prizemlje<\/span><\/li><li>Kapacitet 6 osoba (4+2)<\/li><li>Dvije spava\u0107e sobe sa po 2 le\u017eaja, dnevni boravak sa 2 dopunska le\u017eaja, kuhinja, toalet<\/li><li>Klimatiziran prostor<\/li><li>Ulazni trijem za blagovanje i odmor, sa ro\u0161tiljem<\/li><\/ul>\t\t\t\t\t<\/div>\n\t\t\t\t\t\t<\/div>\n\t\t\t\t<\/div>\n\t\t\t\t<div class=\"elementor-element elementor-element-8f32542 elementor-align-center elementor-widget elementor-widget-button\" data-id=\"8f32542\" data-element_type=\"widget\" data-widget_type=\"button.default\">\n\t\t\t\t<div class=\"elementor-widget-container\">\n\t\t\t\t\t<div class=\"elementor-button-wrapper\">\n\t\t\t<a href=\"http:\/\/apartman-nina\" class=\"elementor-button-link elementor-button elementor-size-sm elementor-animation-grow\" role=\"button\">\n\t\t\t\t\t\t<span class=\"elementor-button-content-wrapper\">\n\t\t\t\t\t\t\t<span class=\"elementor-button-icon elementor-align-icon-right\">\n\t\t\t\t\t\t\t\t\t<i class=\"fa fa-angle-double-right\" aria-hidden=\"true\"><\/i>\n\t\t\t\t\t\t\t<\/span>\n\t\t\t\t\t\t<span class=\"elementor-button-text\">Vi\u0161e detalja<\/span>\n\t\t<\/span>\n\t\t\t\t\t<\/a>\n\t\t<\/div>\n\t\t\t\t<\/div>\n\t\t\t\t<\/div>\n\t\t\t\t\t\t<\/div>\n\t\t\t\t\t<\/div>\n\t\t<\/div>\n\t\t\t\t<div class=\"elementor-column elementor-col-33 elementor-top-column elementor-element elementor-element-b0e6935\" data-id=\"b0e6935\" data-element_type=\"column\">\n\t\t\t<div class=\"elementor-column-wrap elementor-element-populated\">\n\t\t\t\t\t\t\t<div class=\"elementor-widget-wrap\">\n\t\t\t\t\t\t<div class=\"elementor-element elementor-element-c9138de elementor-invisible elementor-widget elementor-widget-image\" data-id=\"c9138de\" data-element_type=\"widget\" data-settings=\"{&quot;_animation&quot;:&quot;zoomIn&quot;}\" data-widget_type=\"image.default\">\n\t\t\t\t<div class=\"elementor-widget-container\">\n\t\t\t\t\t\t\t\t<div class=\"elementor-image\">\n\t\t\t\t\t\t\t\t\t\t\t\t\t<a href=\"http:\/\/apartman-maja\">\n\t\t\t\t\t\t\t<img decoding=\"async\" width=\"370\" height=\"270\" src=\"https:\/\/apartmani-rusula.com\/wp-content\/uploads\/2018\/12\/Kat-DB-detalj-1-2-370x270.jpg\" class=\"elementor-animation-grow attachment-patelproperty-gallery-three-column size-patelproperty-gallery-three-column wp-image-1163\" alt=\"\" loading=\"lazy\" \/>\t\t\t\t\t\t\t\t<\/a>\n\t\t\t\t\t\t\t\t\t\t\t\t\t\t<\/div>\n\t\t\t\t\t\t<\/div>\n\t\t\t\t<\/div>\n\t\t\t\t<div class=\"elementor-element elementor-element-164654d elementor-widget elementor-widget-text-editor\" data-id=\"164654d\" data-element_type=\"widget\" data-widget_type=\"text-editor.default\">\n\t\t\t\t<div class=\"elementor-widget-container\">\n\t\t\t\t\t\t\t\t<div class=\"elementor-text-editor elementor-clearfix\">\n\t\t\t\t<p style=\"text-align: center;\">Apartman MAJA<\/p>\t\t\t\t\t<\/div>\n\t\t\t\t\t\t<\/div>\n\t\t\t\t<\/div>\n\t\t\t\t<div class=\"elementor-element elementor-element-91aeb89 elementor-widget elementor-widget-text-editor\" data-id=\"91aeb89\" data-element_type=\"widget\" data-widget_type=\"text-editor.default\">\n\t\t\t\t<div class=\"elementor-widget-container\">\n\t\t\t\t\t\t\t\t<div class=\"elementor-text-editor elementor-clearfix\">\n\t\t\t\t<ul><li>Povr\u0161ina <span class=\"xr_tl xr_s1\">57\u00a0m<sup>2<\/sup>,\u00a0 na katu<\/span><\/li><li>Kapacitet 6 osoba (2+4)<\/li><li>Spava\u0107a soba sa bra\u010dnim krevetom, blagovaona-dnevni boravak, kuhinja, toalet<\/li><li>Klimatiziran prostor<\/li><li>Vrtna sjenica za blagovanje i odmor, sa ro\u0161tiljem<\/li><\/ul>\t\t\t\t\t<\/div>\n\t\t\t\t\t\t<\/div>\n\t\t\t\t<\/div>\n\t\t\t\t<div class=\"elementor-element elementor-element-c7ee248 elementor-align-center elementor-widget elementor-widget-button\" data-id=\"c7ee248\" data-element_type=\"widget\" data-widget_type=\"button.default\">\n\t\t\t\t<div class=\"elementor-widget-container\">\n\t\t\t\t\t<div class=\"elementor-button-wrapper\">\n\t\t\t<a href=\"http:\/\/apartman-maja\" class=\"elementor-button-link elementor-button elementor-size-sm elementor-animation-grow\" role=\"button\">\n\t\t\t\t\t\t<span class=\"elementor-button-content-wrapper\">\n\t\t\t\t\t\t\t<span class=\"elementor-button-icon elementor-align-icon-right\">\n\t\t\t\t\t\t\t\t\t<i class=\"fa fa-angle-double-right\" aria-hidden=\"true\"><\/i>\n\t\t\t\t\t\t\t<\/span>\n\t\t\t\t\t\t<span class=\"elementor-button-text\">Vi\u0161e detalja<\/span>\n\t\t<\/span>\n\t\t\t\t\t<\/a>\n\t\t<\/div>\n\t\t\t\t<\/div>\n\t\t\t\t<\/div>\n\t\t\t\t\t\t<\/div>\n\t\t\t\t\t<\/div>\n\t\t<\/div>\n\t\t\t\t<div class=\"elementor-column elementor-col-33 elementor-top-column elementor-element elementor-element-9a77f59\" data-id=\"9a77f59\" data-element_type=\"column\">\n\t\t\t<div class=\"elementor-column-wrap elementor-element-populated\">\n\t\t\t\t\t\t\t<div class=\"elementor-widget-wrap\">\n\t\t\t\t\t\t<div class=\"elementor-element elementor-element-7e67344 elementor-invisible elementor-widget elementor-widget-image\" data-id=\"7e67344\" data-element_type=\"widget\" data-settings=\"{&quot;_animation&quot;:&quot;zoomIn&quot;}\" data-widget_type=\"image.default\">\n\t\t\t\t<div class=\"elementor-widget-container\">\n\t\t\t\t\t\t\t\t<div class=\"elementor-image\">\n\t\t\t\t\t\t\t\t\t\t\t\t\t<a href=\"http:\/\/vila-rusula\">\n\t\t\t\t\t\t\t<img decoding=\"async\" width=\"370\" height=\"270\" src=\"https:\/\/apartmani-rusula.com\/wp-content\/uploads\/2018\/12\/Odozgo-pogled-na-more-370x270.jpg\" class=\"elementor-animation-grow attachment-patelproperty-gallery-three-column size-patelproperty-gallery-three-column wp-image-1306\" alt=\"\" loading=\"lazy\" srcset=\"https:\/\/apartmani-rusula.com\/wp-content\/uploads\/2018\/12\/Odozgo-pogled-na-more-370x270.jpg 370w, https:\/\/apartmani-rusula.com\/wp-content\/uploads\/2018\/12\/Odozgo-pogled-na-more-24x18.jpg 24w, https:\/\/apartmani-rusula.com\/wp-content\/uploads\/2018\/12\/Odozgo-pogled-na-more-36x27.jpg 36w, https:\/\/apartmani-rusula.com\/wp-content\/uploads\/2018\/12\/Odozgo-pogled-na-more-48x36.jpg 48w\" sizes=\"(max-width: 370px) 100vw, 370px\" \/>\t\t\t\t\t\t\t\t<\/a>\n\t\t\t\t\t\t\t\t\t\t\t\t\t\t<\/div>\n\t\t\t\t\t\t<\/div>\n\t\t\t\t<\/div>\n\t\t\t\t<div class=\"elementor-element elementor-element-dec56e7 elementor-widget elementor-widget-text-editor\" data-id=\"dec56e7\" data-element_type=\"widget\" data-widget_type=\"text-editor.default\">\n\t\t\t\t<div class=\"elementor-widget-container\">\n\t\t\t\t\t\t\t\t<div class=\"elementor-text-editor elementor-clearfix\">\n\t\t\t\t<p style=\"text-align: center;\">Vila RUSULA<\/p>\t\t\t\t\t<\/div>\n\t\t\t\t\t\t<\/div>\n\t\t\t\t<\/div>\n\t\t\t\t<div class=\"elementor-element elementor-element-f5c064a elementor-widget elementor-widget-text-editor\" data-id=\"f5c064a\" data-element_type=\"widget\" data-widget_type=\"text-editor.default\">\n\t\t\t\t<div class=\"elementor-widget-container\">\n\t\t\t\t\t\t\t\t<div class=\"elementor-text-editor elementor-clearfix\">\n\t\t\t\t<ul><li>Povr\u0161ina <span class=\"xr_tl xr_s1\">114 m<sup>2<\/sup>,\u00a0 cijela ku\u0107a &#8211; prizemlje i kat<\/span><\/li><li>Kapacitet 12 osoba (6+6)<\/li><li>3 spava\u0107e sobe sa po 2 le\u017eaja, u ostalim prostorima jo\u0161 dopunskih 6 le\u017eaja,<\/li><li>Po 2 dnevna boravka, 2 kuhinje, 2 toaleta<\/li><li>Klimatizirani prostori<\/li><li>Vanjski sadr\u017eaji za blagovanje i odmor, sa ro\u0161tiljem<\/li><\/ul>\t\t\t\t\t<\/div>\n\t\t\t\t\t\t<\/div>\n\t\t\t\t<\/div>\n\t\t\t\t<div class=\"elementor-element elementor-element-6217f89 elementor-align-center elementor-widget elementor-widget-button\" data-id=\"6217f89\" data-element_type=\"widget\" data-widget_type=\"button.default\">\n\t\t\t\t<div class=\"elementor-widget-container\">\n\t\t\t\t\t<div class=\"elementor-button-wrapper\">\n\t\t\t<a href=\"http:\/\/vila-rusula\" class=\"elementor-button-link elementor-button elementor-size-sm elementor-animation-grow\" role=\"button\">\n\t\t\t\t\t\t<span class=\"elementor-button-content-wrapper\">\n\t\t\t\t\t\t\t<span class=\"elementor-button-icon elementor-align-icon-right\">\n\t\t\t\t\t\t\t\t\t<i class=\"fa fa-angle-double-right\" aria-hidden=\"true\"><\/i>\n\t\t\t\t\t\t\t<\/span>\n\t\t\t\t\t\t<span class=\"elementor-button-text\">Vi\u0161e detalja<\/span>\n\t\t<\/span>\n\t\t\t\t\t<\/a>\n\t\t<\/div>\n\t\t\t\t<\/div>\n\t\t\t\t<\/div>\n\t\t\t\t\t\t<\/div>\n\t\t\t\t\t<\/div>\n\t\t<\/div>\n\t\t\t\t\t\t\t\t<\/div>\n\t\t\t\t\t<\/div>\n\t\t<\/section>\n\t\t\t\t\t\t\t\t\t<\/div>\n\t\t\t<\/div>\n\t\t\t\t\t<\/div>\n\t\t","protected":false},"excerpt":{"rendered":"<p>Apartman NINA Povr\u0161ina 57\u00a0m2,\u00a0 prizemlje Kapacitet 6 osoba (4+2) Dvije spava\u0107e sobe sa po 2 le\u017eaja, dnevni boravak sa 2 dopunska le\u017eaja, kuhinja, toalet Klimatiziran prostor Ulazni trijem za blagovanje i odmor, sa ro\u0161tiljem Vi\u0161e detalja Apartman MAJA Povr\u0161ina 57\u00a0m2,\u00a0 na katu Kapacitet 6 osoba (2+4) Spava\u0107a soba sa bra\u010dnim krevetom, blagovaona-dnevni boravak, kuhinja, toalet [&hellip;]<\/p>\n","protected":false},"author":1,"featured_media":1121,"parent":0,"menu_order":0,"comment_status":"closed","ping_status":"closed","template":"","meta":[],"yoast_head":"<!-- This site is optimized with the Yoast SEO plugin v20.6 - https:\/\/yoast.com\/wordpress\/plugins\/seo\/ -->\n<title>Smje\u0161taj - apartmani-rusula<\/title>\n<meta name=\"robots\" content=\"index, follow, max-snippet:-1, max-image-preview:large, max-video-preview:-1\" \/>\n<link rel=\"canonical\" href=\"https:\/\/apartmani-rusula.com\/hr\/smjestaj-u-apartmanima-rusula\/\" \/>\n<meta property=\"og:locale\" content=\"hr_HR\" \/>\n<meta property=\"og:type\" content=\"article\" \/>\n<meta property=\"og:title\" content=\"Smje\u0161taj - apartmani-rusula\" \/>\n<meta property=\"og:description\" content=\"Apartman NINA Povr\u0161ina 57\u00a0m2,\u00a0 prizemlje Kapacitet 6 osoba (4+2) Dvije spava\u0107e sobe sa po 2 le\u017eaja, dnevni boravak sa 2 dopunska le\u017eaja, kuhinja, toalet Klimatiziran prostor Ulazni trijem za blagovanje i odmor, sa ro\u0161tiljem Vi\u0161e detalja Apartman MAJA Povr\u0161ina 57\u00a0m2,\u00a0 na katu Kapacitet 6 osoba (2+4) Spava\u0107a soba sa bra\u010dnim krevetom, blagovaona-dnevni boravak, kuhinja, toalet [&hellip;]\" \/>\n<meta property=\"og:url\" content=\"https:\/\/apartmani-rusula.com\/hr\/smjestaj-u-apartmanima-rusula\/\" \/>\n<meta property=\"og:site_name\" content=\"apartmani-rusula\" \/>\n<meta property=\"article:modified_time\" content=\"2019-12-15T11:58:10+00:00\" \/>\n<meta property=\"og:image\" content=\"https:\/\/apartmani-rusula.com\/wp-content\/uploads\/2018\/12\/Banner_1.jpg\" \/>\n\t<meta property=\"og:image:width\" content=\"1916\" \/>\n\t<meta property=\"og:image:height\" content=\"311\" \/>\n\t<meta property=\"og:image:type\" content=\"image\/jpeg\" \/>\n<meta name=\"twitter:card\" content=\"summary_large_image\" \/>\n<meta name=\"twitter:label1\" content=\"Procijenjeno vrijeme \u010ditanja\" \/>\n\t<meta name=\"twitter:data1\" content=\"1 minuta\" \/>\n<script type=\"application\/ld+json\" class=\"yoast-schema-graph\">{\"@context\":\"https:\/\/schema.org\",\"@graph\":[{\"@type\":\"WebPage\",\"@id\":\"https:\/\/apartmani-rusula.com\/hr\/smjestaj-u-apartmanima-rusula\/\",\"url\":\"https:\/\/apartmani-rusula.com\/hr\/smjestaj-u-apartmanima-rusula\/\",\"name\":\"Smje\u0161taj - apartmani-rusula\",\"isPartOf\":{\"@id\":\"https:\/\/apartmani-rusula.com\/hr\/#website\"},\"datePublished\":\"2019-01-22T15:26:41+00:00\",\"dateModified\":\"2019-12-15T11:58:10+00:00\",\"breadcrumb\":{\"@id\":\"https:\/\/apartmani-rusula.com\/hr\/smjestaj-u-apartmanima-rusula\/#breadcrumb\"},\"inLanguage\":\"hr\",\"potentialAction\":[{\"@type\":\"ReadAction\",\"target\":[\"https:\/\/apartmani-rusula.com\/hr\/smjestaj-u-apartmanima-rusula\/\"]}]},{\"@type\":\"BreadcrumbList\",\"@id\":\"https:\/\/apartmani-rusula.com\/hr\/smjestaj-u-apartmanima-rusula\/#breadcrumb\",\"itemListElement\":[{\"@type\":\"ListItem\",\"position\":1,\"name\":\"Po\u010detna stranica\",\"item\":\"https:\/\/apartmani-rusula.com\/hr\/\"},{\"@type\":\"ListItem\",\"position\":2,\"name\":\"Smje\u0161taj\"}]},{\"@type\":\"WebSite\",\"@id\":\"https:\/\/apartmani-rusula.com\/hr\/#website\",\"url\":\"https:\/\/apartmani-rusula.com\/hr\/\",\"name\":\"apartmani-rusula\",\"description\":\"Sjajno mjesto za va\u0161 obiteljski odmor\",\"publisher\":{\"@id\":\"https:\/\/apartmani-rusula.com\/hr\/#\/schema\/person\/41d5dcebde772fb095d34b0e6c22a28d\"},\"potentialAction\":[{\"@type\":\"SearchAction\",\"target\":{\"@type\":\"EntryPoint\",\"urlTemplate\":\"https:\/\/apartmani-rusula.com\/hr\/?s={search_term_string}\"},\"query-input\":\"required name=search_term_string\"}],\"inLanguage\":\"hr\"},{\"@type\":[\"Person\",\"Organization\"],\"@id\":\"https:\/\/apartmani-rusula.com\/hr\/#\/schema\/person\/41d5dcebde772fb095d34b0e6c22a28d\",\"name\":\"smaretic\",\"image\":{\"@type\":\"ImageObject\",\"inLanguage\":\"hr\",\"@id\":\"https:\/\/apartmani-rusula.com\/hr\/#\/schema\/person\/image\/\",\"url\":\"https:\/\/secure.gravatar.com\/avatar\/40db27dd6db4fc60bc2f3682473aba3a?s=96&d=mm&r=g\",\"contentUrl\":\"https:\/\/secure.gravatar.com\/avatar\/40db27dd6db4fc60bc2f3682473aba3a?s=96&d=mm&r=g\",\"caption\":\"smaretic\"},\"logo\":{\"@id\":\"https:\/\/apartmani-rusula.com\/hr\/#\/schema\/person\/image\/\"}}]}<\/script>\n<!-- \/ Yoast SEO plugin. -->","yoast_head_json":{"title":"Smje\u0161taj - apartmani-rusula","robots":{"index":"index","follow":"follow","max-snippet":"max-snippet:-1","max-image-preview":"max-image-preview:large","max-video-preview":"max-video-preview:-1"},"canonical":"https:\/\/apartmani-rusula.com\/hr\/smjestaj-u-apartmanima-rusula\/","og_locale":"hr_HR","og_type":"article","og_title":"Smje\u0161taj - apartmani-rusula","og_description":"Apartman NINA Povr\u0161ina 57\u00a0m2,\u00a0 prizemlje Kapacitet 6 osoba (4+2) Dvije spava\u0107e sobe sa po 2 le\u017eaja, dnevni boravak sa 2 dopunska le\u017eaja, kuhinja, toalet Klimatiziran prostor Ulazni trijem za blagovanje i odmor, sa ro\u0161tiljem Vi\u0161e detalja Apartman MAJA Povr\u0161ina 57\u00a0m2,\u00a0 na katu Kapacitet 6 osoba (2+4) Spava\u0107a soba sa bra\u010dnim krevetom, blagovaona-dnevni boravak, kuhinja, toalet [&hellip;]","og_url":"https:\/\/apartmani-rusula.com\/hr\/smjestaj-u-apartmanima-rusula\/","og_site_name":"apartmani-rusula","article_modified_time":"2019-12-15T11:58:10+00:00","og_image":[{"width":1916,"height":311,"url":"https:\/\/apartmani-rusula.com\/wp-content\/uploads\/2018\/12\/Banner_1.jpg","type":"image\/jpeg"}],"twitter_card":"summary_large_image","twitter_misc":{"Procijenjeno vrijeme \u010ditanja":"1 minuta"},"schema":{"@context":"https:\/\/schema.org","@graph":[{"@type":"WebPage","@id":"https:\/\/apartmani-rusula.com\/hr\/smjestaj-u-apartmanima-rusula\/","url":"https:\/\/apartmani-rusula.com\/hr\/smjestaj-u-apartmanima-rusula\/","name":"Smje\u0161taj - apartmani-rusula","isPartOf":{"@id":"https:\/\/apartmani-rusula.com\/hr\/#website"},"datePublished":"2019-01-22T15:26:41+00:00","dateModified":"2019-12-15T11:58:10+00:00","breadcrumb":{"@id":"https:\/\/apartmani-rusula.com\/hr\/smjestaj-u-apartmanima-rusula\/#breadcrumb"},"inLanguage":"hr","potentialAction":[{"@type":"ReadAction","target":["https:\/\/apartmani-rusula.com\/hr\/smjestaj-u-apartmanima-rusula\/"]}]},{"@type":"BreadcrumbList","@id":"https:\/\/apartmani-rusula.com\/hr\/smjestaj-u-apartmanima-rusula\/#breadcrumb","itemListElement":[{"@type":"ListItem","position":1,"name":"Po\u010detna stranica","item":"https:\/\/apartmani-rusula.com\/hr\/"},{"@type":"ListItem","position":2,"name":"Smje\u0161taj"}]},{"@type":"WebSite","@id":"https:\/\/apartmani-rusula.com\/hr\/#website","url":"https:\/\/apartmani-rusula.com\/hr\/","name":"apartmani-rusula","description":"Sjajno mjesto za va\u0161 obiteljski odmor","publisher":{"@id":"https:\/\/apartmani-rusula.com\/hr\/#\/schema\/person\/41d5dcebde772fb095d34b0e6c22a28d"},"potentialAction":[{"@type":"SearchAction","target":{"@type":"EntryPoint","urlTemplate":"https:\/\/apartmani-rusula.com\/hr\/?s={search_term_string}"},"query-input":"required name=search_term_string"}],"inLanguage":"hr"},{"@type":["Person","Organization"],"@id":"https:\/\/apartmani-rusula.com\/hr\/#\/schema\/person\/41d5dcebde772fb095d34b0e6c22a28d","name":"smaretic","image":{"@type":"ImageObject","inLanguage":"hr","@id":"https:\/\/apartmani-rusula.com\/hr\/#\/schema\/person\/image\/","url":"https:\/\/secure.gravatar.com\/avatar\/40db27dd6db4fc60bc2f3682473aba3a?s=96&d=mm&r=g","contentUrl":"https:\/\/secure.gravatar.com\/avatar\/40db27dd6db4fc60bc2f3682473aba3a?s=96&d=mm&r=g","caption":"smaretic"},"logo":{"@id":"https:\/\/apartmani-rusula.com\/hr\/#\/schema\/person\/image\/"}}]}},"_links":{"self":[{"href":"https:\/\/apartmani-rusula.com\/hr\/wp-json\/wp\/v2\/pages\/1557"}],"collection":[{"href":"https:\/\/apartmani-rusula.com\/hr\/wp-json\/wp\/v2\/pages"}],"about":[{"href":"https:\/\/apartmani-rusula.com\/hr\/wp-json\/wp\/v2\/types\/page"}],"author":[{"embeddable":true,"href":"https:\/\/apartmani-rusula.com\/hr\/wp-json\/wp\/v2\/users\/1"}],"replies":[{"embeddable":true,"href":"https:\/\/apartmani-rusula.com\/hr\/wp-json\/wp\/v2\/comments?post=1557"}],"version-history":[{"count":4,"href":"https:\/\/apartmani-rusula.com\/hr\/wp-json\/wp\/v2\/pages\/1557\/revisions"}],"predecessor-version":[{"id":1562,"href":"https:\/\/apartmani-rusula.com\/hr\/wp-json\/wp\/v2\/pages\/1557\/revisions\/1562"}],"wp:featuredmedia":[{"embeddable":true,"href":"https:\/\/apartmani-rusula.com\/hr\/wp-json\/wp\/v2\/media\/1121"}],"wp:attachment":[{"href":"https:\/\/apartmani-rusula.com\/hr\/wp-json\/wp\/v2\/media?parent=1557"}],"curies":[{"name":"wp","href":"https:\/\/api.w.org\/{rel}","templated":true}]}}