{"id":1939,"date":"2019-12-06T13:25:40","date_gmt":"2019-12-06T12:25:40","guid":{"rendered":"http:\/\/apartmani-rusula.com\/?page_id=1939"},"modified":"2019-12-15T12:49:50","modified_gmt":"2019-12-15T11:49:50","slug":"aktivnosti-na-otoku","status":"publish","type":"page","link":"https:\/\/apartmani-rusula.com\/en\/aktivnosti-na-otoku\/","title":{"rendered":"Activities"},"content":{"rendered":"<div data-elementor-type=\"wp-post\" data-elementor-id=\"1939\" class=\"elementor elementor-1939\">\n\t\t\t\t\t\t<div class=\"elementor-inner\">\n\t\t\t\t<div class=\"elementor-section-wrap\">\n\t\t\t\t\t\t\t\t\t<section class=\"elementor-section elementor-top-section elementor-element elementor-element-d0e1584 elementor-section-stretched elementor-section-boxed elementor-section-height-default elementor-section-height-default\" data-id=\"d0e1584\" data-element_type=\"section\" data-settings=\"{&quot;stretch_section&quot;:&quot;section-stretched&quot;}\">\n\t\t\t\t\t\t<div class=\"elementor-container elementor-column-gap-default\">\n\t\t\t\t\t\t\t<div class=\"elementor-row\">\n\t\t\t\t\t<div class=\"elementor-column elementor-col-100 elementor-top-column elementor-element elementor-element-b73ff47\" data-id=\"b73ff47\" data-element_type=\"column\">\n\t\t\t<div class=\"elementor-column-wrap\">\n\t\t\t\t\t\t\t<div class=\"elementor-widget-wrap\">\n\t\t\t\t\t\t\t\t<\/div>\n\t\t\t\t\t<\/div>\n\t\t<\/div>\n\t\t\t\t\t\t\t\t<\/div>\n\t\t\t\t\t<\/div>\n\t\t<\/section>\n\t\t\t\t<section class=\"elementor-section elementor-top-section elementor-element elementor-element-a16f3c4 elementor-section-boxed elementor-section-height-default elementor-section-height-default\" data-id=\"a16f3c4\" data-element_type=\"section\" data-settings=\"{&quot;background_background&quot;:&quot;classic&quot;}\">\n\t\t\t\t\t\t<div class=\"elementor-container elementor-column-gap-default\">\n\t\t\t\t\t\t\t<div class=\"elementor-row\">\n\t\t\t\t\t<div class=\"elementor-column elementor-col-100 elementor-top-column elementor-element elementor-element-b959918\" data-id=\"b959918\" data-element_type=\"column\">\n\t\t\t<div class=\"elementor-column-wrap elementor-element-populated\">\n\t\t\t\t\t\t\t<div class=\"elementor-widget-wrap\">\n\t\t\t\t\t\t<div class=\"elementor-element elementor-element-1c9d758 elementor-widget elementor-widget-text-editor\" data-id=\"1c9d758\" data-element_type=\"widget\" data-widget_type=\"text-editor.default\">\n\t\t\t\t<div class=\"elementor-widget-container\">\n\t\t\t\t\t\t\t\t<div class=\"elementor-text-editor elementor-clearfix\">\n\t\t\t\t<h4 style=\"text-align: center;\"><span style=\"color: #003366;\">ACTIVITIES<\/span><\/h4>\t\t\t\t\t<\/div>\n\t\t\t\t\t\t<\/div>\n\t\t\t\t<\/div>\n\t\t\t\t<section class=\"elementor-section elementor-inner-section elementor-element elementor-element-fe4424a elementor-section-boxed elementor-section-height-default elementor-section-height-default\" data-id=\"fe4424a\" data-element_type=\"section\">\n\t\t\t\t\t\t<div class=\"elementor-container elementor-column-gap-default\">\n\t\t\t\t\t\t\t<div class=\"elementor-row\">\n\t\t\t\t\t<div class=\"elementor-column elementor-col-50 elementor-inner-column elementor-element elementor-element-c8a7566\" data-id=\"c8a7566\" data-element_type=\"column\">\n\t\t\t<div class=\"elementor-column-wrap elementor-element-populated\">\n\t\t\t\t\t\t\t<div class=\"elementor-widget-wrap\">\n\t\t\t\t\t\t<div class=\"elementor-element elementor-element-5c93603 elementor-widget elementor-widget-text-editor\" data-id=\"5c93603\" data-element_type=\"widget\" data-widget_type=\"text-editor.default\">\n\t\t\t\t<div class=\"elementor-widget-container\">\n\t\t\t\t\t\t\t\t<div class=\"elementor-text-editor elementor-clearfix\">\n\t\t\t\t<p>The island of Bra\u010d is popular for cycling, walking and hiking and the crystal clear sea offers ideal conditions for fishing, diving and sailing.<\/p><p>In the vicinity of the apartment Rusula there are numerous roads through olive groves and pine forest suitable for walking or cycling.<\/p><p>The southern side of the island of Bra\u010d offers excellent conditions for diving. Fantastic diving attraction is the cave Lu\u010dica, about 1.2 km away from the Apartments Rusula. Blaca Hermitage, once a famous Glagolitic hermitage and later an observatory, is located about 8 km from the Apartments Rusula. It is situated on the eastern slope of the valley on the south side of the island, between Bol and Milna. This monastery hermitage was formed in 16th century when the Glagolitic monks, fleeing from the Ottoman conquest, built their home in a secluded cave. The monastery can be reached in two ways: one is by boat from the direction of the bay Blaca, located on the south side of the island. The bay is surrounded by a dense pine forest and deep in the cove there is a lovely beach with a small chapel. A small forest trail length about 2 km leads from the cove to the monastery. The second way is by car from the north side. The macadam road branches off from the paved road towards Vidova Gora, and is directed by the signpost in the vicinity of Nere\u017ei\u0161\u0107a.<\/p><p>If you like mountain biking and hiking, the ideal choice is a trip to the top of Vidova Gora (778 m). Vidova Gora is the highest peak on the island of Bra\u010d and also the highest peak of the Adriatic islands, offering a breathtaking view of Bol, the popular beach \"Zlatni rat\", islands of \u0160olta, Hvar and Vis, and mountains Mosor and Biokovo. In case of good weather, it is possible to see and the outlines of the Italian mainland. A 12 m high monumental cross made of white Bra\u010d stone is placed at the top, and next to it there is a tavern called \"Vladimir Nazor\".<\/p><p>The top is accessible by car.<\/p>\t\t\t\t\t<\/div>\n\t\t\t\t\t\t<\/div>\n\t\t\t\t<\/div>\n\t\t\t\t\t\t<\/div>\n\t\t\t\t\t<\/div>\n\t\t<\/div>\n\t\t\t\t<div class=\"elementor-column elementor-col-50 elementor-inner-column elementor-element elementor-element-d7b93bc\" data-id=\"d7b93bc\" data-element_type=\"column\">\n\t\t\t<div class=\"elementor-column-wrap elementor-element-populated\">\n\t\t\t\t\t\t\t<div class=\"elementor-widget-wrap\">\n\t\t\t\t\t\t<div class=\"elementor-element elementor-element-6f9c4fe elementor-widget elementor-widget-image\" data-id=\"6f9c4fe\" data-element_type=\"widget\" data-widget_type=\"image.default\">\n\t\t\t\t<div class=\"elementor-widget-container\">\n\t\t\t\t\t\t\t\t<div class=\"elementor-image\">\n\t\t\t\t\t\t\t\t\t\t\t\t<img decoding=\"async\" width=\"555\" height=\"500\" src=\"https:\/\/apartmani-rusula.com\/wp-content\/uploads\/2019\/01\/aktivnosti-1.jpg\" class=\"attachment-large size-large wp-image-1547\" alt=\"\" loading=\"lazy\" srcset=\"https:\/\/apartmani-rusula.com\/wp-content\/uploads\/2019\/01\/aktivnosti-1.jpg 555w, https:\/\/apartmani-rusula.com\/wp-content\/uploads\/2019\/01\/aktivnosti-1-300x270.jpg 300w, https:\/\/apartmani-rusula.com\/wp-content\/uploads\/2019\/01\/aktivnosti-1-24x22.jpg 24w, https:\/\/apartmani-rusula.com\/wp-content\/uploads\/2019\/01\/aktivnosti-1-36x32.jpg 36w, https:\/\/apartmani-rusula.com\/wp-content\/uploads\/2019\/01\/aktivnosti-1-48x43.jpg 48w\" sizes=\"(max-width: 555px) 100vw, 555px\" \/>\t\t\t\t\t\t\t\t\t\t\t\t\t\t<\/div>\n\t\t\t\t\t\t<\/div>\n\t\t\t\t<\/div>\n\t\t\t\t\t\t<\/div>\n\t\t\t\t\t<\/div>\n\t\t<\/div>\n\t\t\t\t\t\t\t\t<\/div>\n\t\t\t\t\t<\/div>\n\t\t<\/section>\n\t\t\t\t\t\t<\/div>\n\t\t\t\t\t<\/div>\n\t\t<\/div>\n\t\t\t\t\t\t\t\t<\/div>\n\t\t\t\t\t<\/div>\n\t\t<\/section>\n\t\t\t\t\t\t\t\t\t<\/div>\n\t\t\t<\/div>\n\t\t\t\t\t<\/div>","protected":false},"excerpt":{"rendered":"<p>AKTIVNOSTI Otok Bra\u010d popularan je za biciklizam, pje\u0161a\u010denje i planinarenje, a kristalno \u010disto mora pru\u017ea idealne uvjete za ribolov, ronjenje i jedrenje. U bli\u017eoj i daljoj okolici apartmana Rusula postoje brojni putovi kroz maslinike i borovu \u0161umu pogodni za \u0161etnje ili vo\u017enju biciklom. Ju\u017ena strana otoka Bra\u010da pru\u017ea izvanredne uvjete za ronjenje. Fantasti\u010dna ronila\u010dka atrakcija [&hellip;]<\/p>","protected":false},"author":1,"featured_media":1121,"parent":0,"menu_order":0,"comment_status":"closed","ping_status":"closed","template":"","meta":[],"yoast_head":"<!-- This site is optimized with the Yoast SEO plugin v20.6 - https:\/\/yoast.com\/wordpress\/plugins\/seo\/ -->\n<title>Aktivnosti - apartmani-rusula<\/title>\n<meta name=\"robots\" content=\"index, follow, max-snippet:-1, max-image-preview:large, max-video-preview:-1\" \/>\n<link rel=\"canonical\" href=\"http:\/\/apartmani-rusula.com\/en\/aktivnosti-na-otoku\/\" \/>\n<meta property=\"og:locale\" content=\"en_GB\" \/>\n<meta property=\"og:type\" content=\"article\" \/>\n<meta property=\"og:title\" content=\"Aktivnosti - apartmani-rusula\" \/>\n<meta property=\"og:description\" content=\"AKTIVNOSTI Otok Bra\u010d popularan je za biciklizam, pje\u0161a\u010denje i planinarenje, a kristalno \u010disto mora pru\u017ea idealne uvjete za ribolov, ronjenje i jedrenje. U bli\u017eoj i daljoj okolici apartmana Rusula postoje brojni putovi kroz maslinike i borovu \u0161umu pogodni za \u0161etnje ili vo\u017enju biciklom. Ju\u017ena strana otoka Bra\u010da pru\u017ea izvanredne uvjete za ronjenje. Fantasti\u010dna ronila\u010dka atrakcija [&hellip;]\" \/>\n<meta property=\"og:url\" content=\"http:\/\/apartmani-rusula.com\/en\/aktivnosti-na-otoku\/\" \/>\n<meta property=\"og:site_name\" content=\"apartmani-rusula\" \/>\n<meta property=\"article:modified_time\" content=\"2019-12-15T11:49:50+00:00\" \/>\n<meta property=\"og:image\" content=\"http:\/\/apartmani-rusula.com\/wp-content\/uploads\/2018\/12\/Banner_1.jpg\" \/>\n\t<meta property=\"og:image:width\" content=\"1916\" \/>\n\t<meta property=\"og:image:height\" content=\"311\" \/>\n\t<meta property=\"og:image:type\" content=\"image\/jpeg\" \/>\n<meta name=\"twitter:card\" content=\"summary_large_image\" \/>\n<meta name=\"twitter:label1\" content=\"Estimated reading time\" \/>\n\t<meta name=\"twitter:data1\" content=\"2 minutes\" \/>\n<script type=\"application\/ld+json\" class=\"yoast-schema-graph\">{\"@context\":\"https:\/\/schema.org\",\"@graph\":[{\"@type\":\"WebPage\",\"@id\":\"http:\/\/apartmani-rusula.com\/hr\/aktivnosti-na-otoku\/\",\"url\":\"http:\/\/apartmani-rusula.com\/hr\/aktivnosti-na-otoku\/\",\"name\":\"Aktivnosti - apartmani-rusula\",\"isPartOf\":{\"@id\":\"http:\/\/apartmani-rusula.com\/hr\/#website\"},\"datePublished\":\"2019-12-06T12:25:40+00:00\",\"dateModified\":\"2019-12-15T11:49:50+00:00\",\"breadcrumb\":{\"@id\":\"http:\/\/apartmani-rusula.com\/hr\/aktivnosti-na-otoku\/#breadcrumb\"},\"inLanguage\":\"en-GB\",\"potentialAction\":[{\"@type\":\"ReadAction\",\"target\":[\"http:\/\/apartmani-rusula.com\/hr\/aktivnosti-na-otoku\/\"]}]},{\"@type\":\"BreadcrumbList\",\"@id\":\"http:\/\/apartmani-rusula.com\/hr\/aktivnosti-na-otoku\/#breadcrumb\",\"itemListElement\":[{\"@type\":\"ListItem\",\"position\":1,\"name\":\"Po\u010detna stranica\",\"item\":\"http:\/\/apartmani-rusula.com\/hr\/\"},{\"@type\":\"ListItem\",\"position\":2,\"name\":\"Aktivnosti\"}]},{\"@type\":\"WebSite\",\"@id\":\"http:\/\/apartmani-rusula.com\/hr\/#website\",\"url\":\"http:\/\/apartmani-rusula.com\/hr\/\",\"name\":\"apartmani-rusula\",\"description\":\"Sjajno mjesto za va\u0161 obiteljski odmor\",\"publisher\":{\"@id\":\"http:\/\/apartmani-rusula.com\/hr\/#\/schema\/person\/41d5dcebde772fb095d34b0e6c22a28d\"},\"potentialAction\":[{\"@type\":\"SearchAction\",\"target\":{\"@type\":\"EntryPoint\",\"urlTemplate\":\"http:\/\/apartmani-rusula.com\/hr\/?s={search_term_string}\"},\"query-input\":\"required name=search_term_string\"}],\"inLanguage\":\"en-GB\"},{\"@type\":[\"Person\",\"Organization\"],\"@id\":\"http:\/\/apartmani-rusula.com\/hr\/#\/schema\/person\/41d5dcebde772fb095d34b0e6c22a28d\",\"name\":\"smaretic\",\"image\":{\"@type\":\"ImageObject\",\"inLanguage\":\"en-GB\",\"@id\":\"http:\/\/apartmani-rusula.com\/hr\/#\/schema\/person\/image\/\",\"url\":\"https:\/\/secure.gravatar.com\/avatar\/40db27dd6db4fc60bc2f3682473aba3a?s=96&d=mm&r=g\",\"contentUrl\":\"https:\/\/secure.gravatar.com\/avatar\/40db27dd6db4fc60bc2f3682473aba3a?s=96&d=mm&r=g\",\"caption\":\"smaretic\"},\"logo\":{\"@id\":\"http:\/\/apartmani-rusula.com\/hr\/#\/schema\/person\/image\/\"}}]}<\/script>\n<!-- \/ Yoast SEO plugin. -->","yoast_head_json":{"title":"Aktivnosti - apartmani-rusula","robots":{"index":"index","follow":"follow","max-snippet":"max-snippet:-1","max-image-preview":"max-image-preview:large","max-video-preview":"max-video-preview:-1"},"canonical":"http:\/\/apartmani-rusula.com\/en\/aktivnosti-na-otoku\/","og_locale":"en_GB","og_type":"article","og_title":"Aktivnosti - apartmani-rusula","og_description":"AKTIVNOSTI Otok Bra\u010d popularan je za biciklizam, pje\u0161a\u010denje i planinarenje, a kristalno \u010disto mora pru\u017ea idealne uvjete za ribolov, ronjenje i jedrenje. U bli\u017eoj i daljoj okolici apartmana Rusula postoje brojni putovi kroz maslinike i borovu \u0161umu pogodni za \u0161etnje ili vo\u017enju biciklom. Ju\u017ena strana otoka Bra\u010da pru\u017ea izvanredne uvjete za ronjenje. Fantasti\u010dna ronila\u010dka atrakcija [&hellip;]","og_url":"http:\/\/apartmani-rusula.com\/en\/aktivnosti-na-otoku\/","og_site_name":"apartmani-rusula","article_modified_time":"2019-12-15T11:49:50+00:00","og_image":[{"width":1916,"height":311,"url":"http:\/\/apartmani-rusula.com\/wp-content\/uploads\/2018\/12\/Banner_1.jpg","type":"image\/jpeg"}],"twitter_card":"summary_large_image","twitter_misc":{"Estimated reading time":"2 minutes"},"schema":{"@context":"https:\/\/schema.org","@graph":[{"@type":"WebPage","@id":"http:\/\/apartmani-rusula.com\/hr\/aktivnosti-na-otoku\/","url":"http:\/\/apartmani-rusula.com\/hr\/aktivnosti-na-otoku\/","name":"Aktivnosti - apartmani-rusula","isPartOf":{"@id":"http:\/\/apartmani-rusula.com\/hr\/#website"},"datePublished":"2019-12-06T12:25:40+00:00","dateModified":"2019-12-15T11:49:50+00:00","breadcrumb":{"@id":"http:\/\/apartmani-rusula.com\/hr\/aktivnosti-na-otoku\/#breadcrumb"},"inLanguage":"en-GB","potentialAction":[{"@type":"ReadAction","target":["http:\/\/apartmani-rusula.com\/hr\/aktivnosti-na-otoku\/"]}]},{"@type":"BreadcrumbList","@id":"http:\/\/apartmani-rusula.com\/hr\/aktivnosti-na-otoku\/#breadcrumb","itemListElement":[{"@type":"ListItem","position":1,"name":"Po\u010detna stranica","item":"http:\/\/apartmani-rusula.com\/hr\/"},{"@type":"ListItem","position":2,"name":"Aktivnosti"}]},{"@type":"WebSite","@id":"http:\/\/apartmani-rusula.com\/hr\/#website","url":"http:\/\/apartmani-rusula.com\/hr\/","name":"apartmani-rusula","description":"Sjajno mjesto za va\u0161 obiteljski odmor","publisher":{"@id":"http:\/\/apartmani-rusula.com\/hr\/#\/schema\/person\/41d5dcebde772fb095d34b0e6c22a28d"},"potentialAction":[{"@type":"SearchAction","target":{"@type":"EntryPoint","urlTemplate":"http:\/\/apartmani-rusula.com\/hr\/?s={search_term_string}"},"query-input":"required name=search_term_string"}],"inLanguage":"en-GB"},{"@type":["Person","Organization"],"@id":"http:\/\/apartmani-rusula.com\/hr\/#\/schema\/person\/41d5dcebde772fb095d34b0e6c22a28d","name":"smaretic","image":{"@type":"ImageObject","inLanguage":"en-GB","@id":"http:\/\/apartmani-rusula.com\/hr\/#\/schema\/person\/image\/","url":"https:\/\/secure.gravatar.com\/avatar\/40db27dd6db4fc60bc2f3682473aba3a?s=96&d=mm&r=g","contentUrl":"https:\/\/secure.gravatar.com\/avatar\/40db27dd6db4fc60bc2f3682473aba3a?s=96&d=mm&r=g","caption":"smaretic"},"logo":{"@id":"http:\/\/apartmani-rusula.com\/hr\/#\/schema\/person\/image\/"}}]}},"_links":{"self":[{"href":"https:\/\/apartmani-rusula.com\/en\/wp-json\/wp\/v2\/pages\/1939"}],"collection":[{"href":"https:\/\/apartmani-rusula.com\/en\/wp-json\/wp\/v2\/pages"}],"about":[{"href":"https:\/\/apartmani-rusula.com\/en\/wp-json\/wp\/v2\/types\/page"}],"author":[{"embeddable":true,"href":"https:\/\/apartmani-rusula.com\/en\/wp-json\/wp\/v2\/users\/1"}],"replies":[{"embeddable":true,"href":"https:\/\/apartmani-rusula.com\/en\/wp-json\/wp\/v2\/comments?post=1939"}],"version-history":[{"count":2,"href":"https:\/\/apartmani-rusula.com\/en\/wp-json\/wp\/v2\/pages\/1939\/revisions"}],"predecessor-version":[{"id":1941,"href":"https:\/\/apartmani-rusula.com\/en\/wp-json\/wp\/v2\/pages\/1939\/revisions\/1941"}],"wp:featuredmedia":[{"embeddable":true,"href":"https:\/\/apartmani-rusula.com\/en\/wp-json\/wp\/v2\/media\/1121"}],"wp:attachment":[{"href":"https:\/\/apartmani-rusula.com\/en\/wp-json\/wp\/v2\/media?parent=1939"}],"curies":[{"name":"wp","href":"https:\/\/api.w.org\/{rel}","templated":true}]}}