{"id":1262,"date":"2018-12-31T16:53:08","date_gmt":"2018-12-31T15:53:08","guid":{"rendered":"http:\/\/apartmani-rusula.com\/?page_id=1262"},"modified":"2019-12-15T12:52:21","modified_gmt":"2019-12-15T11:52:21","slug":"kontakt-za-informacije-o-apartmanu","status":"publish","type":"page","link":"https:\/\/apartmani-rusula.com\/en\/kontakt-za-informacije-o-apartmanu\/","title":{"rendered":"Contact"},"content":{"rendered":"<div data-elementor-type=\"wp-post\" data-elementor-id=\"1262\" class=\"elementor elementor-1262\">\n\t\t\t\t\t\t<div class=\"elementor-inner\">\n\t\t\t\t<div class=\"elementor-section-wrap\">\n\t\t\t\t\t\t\t\t\t<section class=\"elementor-section elementor-top-section elementor-element elementor-element-5aa2e70 elementor-section-stretched elementor-section-full_width elementor-section-height-default elementor-section-height-default\" data-id=\"5aa2e70\" data-element_type=\"section\" data-settings=\"{&quot;stretch_section&quot;:&quot;section-stretched&quot;}\">\n\t\t\t\t\t\t<div class=\"elementor-container elementor-column-gap-default\">\n\t\t\t\t\t\t\t<div class=\"elementor-row\">\n\t\t\t\t\t<div class=\"elementor-column elementor-col-100 elementor-top-column elementor-element elementor-element-7fb80e0\" data-id=\"7fb80e0\" data-element_type=\"column\">\n\t\t\t<div class=\"elementor-column-wrap\">\n\t\t\t\t\t\t\t<div class=\"elementor-widget-wrap\">\n\t\t\t\t\t\t\t\t<\/div>\n\t\t\t\t\t<\/div>\n\t\t<\/div>\n\t\t\t\t\t\t\t\t<\/div>\n\t\t\t\t\t<\/div>\n\t\t<\/section>\n\t\t\t\t<section class=\"elementor-section elementor-top-section elementor-element elementor-element-ca9b4ca elementor-section-boxed elementor-section-height-default elementor-section-height-default\" data-id=\"ca9b4ca\" data-element_type=\"section\" data-settings=\"{&quot;background_background&quot;:&quot;classic&quot;}\">\n\t\t\t\t\t\t<div class=\"elementor-container elementor-column-gap-default\">\n\t\t\t\t\t\t\t<div class=\"elementor-row\">\n\t\t\t\t\t<div class=\"elementor-column elementor-col-100 elementor-top-column elementor-element elementor-element-43f5cd2\" data-id=\"43f5cd2\" data-element_type=\"column\">\n\t\t\t<div class=\"elementor-column-wrap elementor-element-populated\">\n\t\t\t\t\t\t\t<div class=\"elementor-widget-wrap\">\n\t\t\t\t\t\t<section class=\"elementor-section elementor-inner-section elementor-element elementor-element-7966fde elementor-section-boxed elementor-section-height-default elementor-section-height-default\" data-id=\"7966fde\" data-element_type=\"section\">\n\t\t\t\t\t\t<div class=\"elementor-container elementor-column-gap-default\">\n\t\t\t\t\t\t\t<div class=\"elementor-row\">\n\t\t\t\t\t<div class=\"elementor-column elementor-col-50 elementor-inner-column elementor-element elementor-element-ae64cda\" data-id=\"ae64cda\" data-element_type=\"column\">\n\t\t\t<div class=\"elementor-column-wrap elementor-element-populated\">\n\t\t\t\t\t\t\t<div class=\"elementor-widget-wrap\">\n\t\t\t\t\t\t<div class=\"elementor-element elementor-element-854472e elementor-widget elementor-widget-text-editor\" data-id=\"854472e\" data-element_type=\"widget\" data-widget_type=\"text-editor.default\">\n\t\t\t\t<div class=\"elementor-widget-container\">\n\t\t\t\t\t\t\t\t<div class=\"elementor-text-editor elementor-clearfix\">\n\t\t\t\t<h5><span style=\"color: #003366;\">Contact details<\/span><\/h5><h6>Apartments Rusula<\/h6><p>Nadosibova I 55<\/p><p>21405 Milna, Brac<\/p><p>Croatia<\/p><p>slmaretic@gmail.com<\/p><p>Tel +385 (0)95 390 4262<\/p>\t\t\t\t\t<\/div>\n\t\t\t\t\t\t<\/div>\n\t\t\t\t<\/div>\n\t\t\t\t\t\t<\/div>\n\t\t\t\t\t<\/div>\n\t\t<\/div>\n\t\t\t\t<div class=\"elementor-column elementor-col-50 elementor-inner-column elementor-element elementor-element-97f7f87\" data-id=\"97f7f87\" data-element_type=\"column\">\n\t\t\t<div class=\"elementor-column-wrap elementor-element-populated\">\n\t\t\t\t\t\t\t<div class=\"elementor-widget-wrap\">\n\t\t\t\t\t\t<div class=\"elementor-element elementor-element-0b2f582 elementor-widget elementor-widget-text-editor\" data-id=\"0b2f582\" data-element_type=\"widget\" data-widget_type=\"text-editor.default\">\n\t\t\t\t<div class=\"elementor-widget-container\">\n\t\t\t\t\t\t\t\t<div class=\"elementor-text-editor elementor-clearfix\">\n\t\t\t\t<h5><span style=\"color: #003366;\">Contact<\/span><\/h5><div><span style=\"color: #000000;\">If you are interested in accommodation in our apartments, please contact us by phone, e-mail or fill out a contact form and we will respond at the earliest possible convenience.<\/span><\/div>\t\t\t\t\t<\/div>\n\t\t\t\t\t\t<\/div>\n\t\t\t\t<\/div>\n\t\t\t\t<div class=\"elementor-element elementor-element-c6e6d14 elementor-widget elementor-widget-text-editor\" data-id=\"c6e6d14\" data-element_type=\"widget\" data-widget_type=\"text-editor.default\">\n\t\t\t\t<div class=\"elementor-widget-container\">\n\t\t\t\t\t\t\t\t<div class=\"elementor-text-editor elementor-clearfix\">\n\t\t\t\t<p><div class=\"frm_forms  with_frm_style frm_style_formidable-style\" id=\"frm_form_2_container\" >\n<form enctype=\"multipart\/form-data\" method=\"post\" class=\"frm-show-form\" id=\"form_contact-form2\" >\n<div class=\"frm_form_fields\">\n<fieldset>\n<legend class=\"frm_screen_reader\">Contact<\/legend>\r\n\r\n<div class=\"frm_fields_container\">\n<input type=\"hidden\" name=\"frm_action\" value=\"create\" \/>\n<input type=\"hidden\" name=\"form_id\" value=\"2\" \/>\n<input type=\"hidden\" name=\"frm_hide_fields_2\" id=\"frm_hide_fields_2\" value=\"\" \/>\n<input type=\"hidden\" name=\"form_key\" value=\"contact-form2\" \/>\n<input type=\"hidden\" name=\"item_meta[0]\" value=\"\" \/>\n<input type=\"hidden\" id=\"frm_submit_entry_2\" name=\"frm_submit_entry_2\" value=\"3f05eff457\" \/><input type=\"hidden\" name=\"_wp_http_referer\" value=\"\/en\/wp-json\/wp\/v2\/pages\/1262\" \/><div id=\"frm_field_6_container\" class=\"frm_form_field form-field  frm_top_container frm_first frm_half\">\r\n    <label for=\"field_qh4icy2\" id=\"field_qh4icy2_label\" class=\"frm_primary_label\">Name\r\n        <span class=\"frm_required\"><\/span>\r\n    <\/label>\r\n    <input type=\"text\" id=\"field_qh4icy2\" name=\"item_meta[6]\" value=\"\"  data-invmsg=\"Name is invalid\" aria-invalid=\"false\"  \/>\r\n    \r\n    \r\n<\/div>\n<div id=\"frm_field_8_container\" class=\"frm_form_field form-field  frm_required_field frm_top_container frm_full\">\r\n    <label for=\"field_29yf4d2\" id=\"field_29yf4d2_label\" class=\"frm_primary_label\">Email\r\n        <span class=\"frm_required\">*<\/span>\r\n    <\/label>\r\n    <input type=\"email\" id=\"field_29yf4d2\" name=\"item_meta[8]\" value=\"\"  data-reqmsg=\"e-mail cannot be blank.\" aria-required=\"true\" data-invmsg=\"Please enter a valid email address\" aria-invalid=\"false\"  \/>\r\n    \r\n    \r\n<\/div>\n<div id=\"frm_field_13_container\" class=\"frm_form_field form-field  frm_top_container\">\r\n    <label for=\"field_hzyh\" id=\"field_hzyh_label\" class=\"frm_primary_label\">Tel\r\n        <span class=\"frm_required\"><\/span>\r\n    <\/label>\r\n    <input type=\"text\" id=\"field_hzyh\" name=\"item_meta[13]\" value=\"\"  data-invmsg=\"Text is invalid\" aria-invalid=\"false\"  \/>\r\n    \r\n    \r\n<\/div>\n<div id=\"frm_field_10_container\" class=\"frm_form_field form-field  frm_required_field frm_top_container frm_full\">\r\n    <label for=\"field_9jv0r12\" id=\"field_9jv0r12_label\" class=\"frm_primary_label\">Message\r\n        <span class=\"frm_required\">*<\/span>\r\n    <\/label>\r\n    <textarea name=\"item_meta[10]\" id=\"field_9jv0r12\" rows=\"5\"  data-reqmsg=\"Poruka cannot be blank.\" aria-required=\"true\" data-invmsg=\"Poruka is invalid\" aria-invalid=\"false\"  ><\/textarea>\r\n    \r\n    \r\n<\/div>\n\t<input type=\"hidden\" name=\"item_key\" value=\"\" \/>\n\t<div class=\"frm_submit\">\r\n\r\n<button class=\"frm_button_submit\" type=\"submit\"  >SUBMIT<\/button>\r\n\r\n<\/div><\/div>\n<\/fieldset>\n<\/div>\n\n<input type=\"hidden\" name=\"trp-form-language\" value=\"en\"\/><\/form>\n<\/div>\n<\/p>\t\t\t\t\t<\/div>\n\t\t\t\t\t\t<\/div>\n\t\t\t\t<\/div>\n\t\t\t\t\t\t<\/div>\n\t\t\t\t\t<\/div>\n\t\t<\/div>\n\t\t\t\t\t\t\t\t<\/div>\n\t\t\t\t\t<\/div>\n\t\t<\/section>\n\t\t\t\t\t\t<\/div>\n\t\t\t\t\t<\/div>\n\t\t<\/div>\n\t\t\t\t\t\t\t\t<\/div>\n\t\t\t\t\t<\/div>\n\t\t<\/section>\n\t\t\t\t\t\t\t\t\t<\/div>\n\t\t\t<\/div>\n\t\t\t\t\t<\/div>","protected":false},"excerpt":{"rendered":"<p>Kontakt detalji Apartmani Rusula Nadosibova I 55 21405 Milna, Otok Bra\u010d Hrvatska slmaretic@gmail.com Tel +385 (0)95 390 4262 Kontakt forma Ukoliko ste zainteresirani za smje\u0161taj u na\u0161im apartmanima, molimo Vas da nas kontaktirate telefonom, e-mailom ili ispunite kontakt obrazac na koji \u0107emo vam odgovoriti u najbr\u017eem mogu\u0107em roku.<\/p>","protected":false},"author":1,"featured_media":1121,"parent":0,"menu_order":0,"comment_status":"closed","ping_status":"closed","template":"","meta":[],"yoast_head":"<!-- This site is optimized with the Yoast SEO plugin v20.6 - https:\/\/yoast.com\/wordpress\/plugins\/seo\/ -->\n<title>Kontakt - apartmani-rusula<\/title>\n<meta name=\"robots\" content=\"index, follow, max-snippet:-1, max-image-preview:large, max-video-preview:-1\" \/>\n<link rel=\"canonical\" href=\"http:\/\/apartmani-rusula.com\/en\/kontakt-za-informacije-o-apartmanu\/\" \/>\n<meta property=\"og:locale\" content=\"en_GB\" \/>\n<meta property=\"og:type\" content=\"article\" \/>\n<meta property=\"og:title\" content=\"Kontakt - apartmani-rusula\" \/>\n<meta property=\"og:description\" content=\"Kontakt detalji Apartmani Rusula Nadosibova I 55 21405 Milna, Otok Bra\u010d Hrvatska slmaretic@gmail.com Tel +385 (0)95 390 4262 Kontakt forma Ukoliko ste zainteresirani za smje\u0161taj u na\u0161im apartmanima, molimo Vas da nas kontaktirate telefonom, e-mailom ili ispunite kontakt obrazac na koji \u0107emo vam odgovoriti u najbr\u017eem mogu\u0107em roku.\" \/>\n<meta property=\"og:url\" content=\"http:\/\/apartmani-rusula.com\/en\/kontakt-za-informacije-o-apartmanu\/\" \/>\n<meta property=\"og:site_name\" content=\"apartmani-rusula\" \/>\n<meta property=\"article:modified_time\" content=\"2019-12-15T11:52:21+00:00\" \/>\n<meta property=\"og:image\" content=\"http:\/\/apartmani-rusula.com\/wp-content\/uploads\/2018\/12\/Banner_1.jpg\" \/>\n\t<meta property=\"og:image:width\" content=\"1916\" \/>\n\t<meta property=\"og:image:height\" content=\"311\" \/>\n\t<meta property=\"og:image:type\" content=\"image\/jpeg\" \/>\n<meta name=\"twitter:card\" content=\"summary_large_image\" \/>\n<script type=\"application\/ld+json\" class=\"yoast-schema-graph\">{\"@context\":\"https:\/\/schema.org\",\"@graph\":[{\"@type\":\"WebPage\",\"@id\":\"http:\/\/apartmani-rusula.com\/hr\/kontakt-za-informacije-o-apartmanu\/\",\"url\":\"http:\/\/apartmani-rusula.com\/hr\/kontakt-za-informacije-o-apartmanu\/\",\"name\":\"Kontakt - apartmani-rusula\",\"isPartOf\":{\"@id\":\"http:\/\/apartmani-rusula.com\/hr\/#website\"},\"datePublished\":\"2018-12-31T15:53:08+00:00\",\"dateModified\":\"2019-12-15T11:52:21+00:00\",\"breadcrumb\":{\"@id\":\"http:\/\/apartmani-rusula.com\/hr\/kontakt-za-informacije-o-apartmanu\/#breadcrumb\"},\"inLanguage\":\"en-GB\",\"potentialAction\":[{\"@type\":\"ReadAction\",\"target\":[\"http:\/\/apartmani-rusula.com\/hr\/kontakt-za-informacije-o-apartmanu\/\"]}]},{\"@type\":\"BreadcrumbList\",\"@id\":\"http:\/\/apartmani-rusula.com\/hr\/kontakt-za-informacije-o-apartmanu\/#breadcrumb\",\"itemListElement\":[{\"@type\":\"ListItem\",\"position\":1,\"name\":\"Po\u010detna stranica\",\"item\":\"http:\/\/apartmani-rusula.com\/hr\/\"},{\"@type\":\"ListItem\",\"position\":2,\"name\":\"Kontakt\"}]},{\"@type\":\"WebSite\",\"@id\":\"http:\/\/apartmani-rusula.com\/hr\/#website\",\"url\":\"http:\/\/apartmani-rusula.com\/hr\/\",\"name\":\"apartmani-rusula\",\"description\":\"Sjajno mjesto za va\u0161 obiteljski odmor\",\"publisher\":{\"@id\":\"http:\/\/apartmani-rusula.com\/hr\/#\/schema\/person\/41d5dcebde772fb095d34b0e6c22a28d\"},\"potentialAction\":[{\"@type\":\"SearchAction\",\"target\":{\"@type\":\"EntryPoint\",\"urlTemplate\":\"http:\/\/apartmani-rusula.com\/hr\/?s={search_term_string}\"},\"query-input\":\"required name=search_term_string\"}],\"inLanguage\":\"en-GB\"},{\"@type\":[\"Person\",\"Organization\"],\"@id\":\"http:\/\/apartmani-rusula.com\/hr\/#\/schema\/person\/41d5dcebde772fb095d34b0e6c22a28d\",\"name\":\"smaretic\",\"image\":{\"@type\":\"ImageObject\",\"inLanguage\":\"en-GB\",\"@id\":\"http:\/\/apartmani-rusula.com\/hr\/#\/schema\/person\/image\/\",\"url\":\"https:\/\/secure.gravatar.com\/avatar\/40db27dd6db4fc60bc2f3682473aba3a?s=96&d=mm&r=g\",\"contentUrl\":\"https:\/\/secure.gravatar.com\/avatar\/40db27dd6db4fc60bc2f3682473aba3a?s=96&d=mm&r=g\",\"caption\":\"smaretic\"},\"logo\":{\"@id\":\"http:\/\/apartmani-rusula.com\/hr\/#\/schema\/person\/image\/\"}}]}<\/script>\n<!-- \/ Yoast SEO plugin. -->","yoast_head_json":{"title":"Kontakt - apartmani-rusula","robots":{"index":"index","follow":"follow","max-snippet":"max-snippet:-1","max-image-preview":"max-image-preview:large","max-video-preview":"max-video-preview:-1"},"canonical":"http:\/\/apartmani-rusula.com\/en\/kontakt-za-informacije-o-apartmanu\/","og_locale":"en_GB","og_type":"article","og_title":"Kontakt - apartmani-rusula","og_description":"Kontakt detalji Apartmani Rusula Nadosibova I 55 21405 Milna, Otok Bra\u010d Hrvatska slmaretic@gmail.com Tel +385 (0)95 390 4262 Kontakt forma Ukoliko ste zainteresirani za smje\u0161taj u na\u0161im apartmanima, molimo Vas da nas kontaktirate telefonom, e-mailom ili ispunite kontakt obrazac na koji \u0107emo vam odgovoriti u najbr\u017eem mogu\u0107em roku.","og_url":"http:\/\/apartmani-rusula.com\/en\/kontakt-za-informacije-o-apartmanu\/","og_site_name":"apartmani-rusula","article_modified_time":"2019-12-15T11:52:21+00:00","og_image":[{"width":1916,"height":311,"url":"http:\/\/apartmani-rusula.com\/wp-content\/uploads\/2018\/12\/Banner_1.jpg","type":"image\/jpeg"}],"twitter_card":"summary_large_image","schema":{"@context":"https:\/\/schema.org","@graph":[{"@type":"WebPage","@id":"http:\/\/apartmani-rusula.com\/hr\/kontakt-za-informacije-o-apartmanu\/","url":"http:\/\/apartmani-rusula.com\/hr\/kontakt-za-informacije-o-apartmanu\/","name":"Kontakt - apartmani-rusula","isPartOf":{"@id":"http:\/\/apartmani-rusula.com\/hr\/#website"},"datePublished":"2018-12-31T15:53:08+00:00","dateModified":"2019-12-15T11:52:21+00:00","breadcrumb":{"@id":"http:\/\/apartmani-rusula.com\/hr\/kontakt-za-informacije-o-apartmanu\/#breadcrumb"},"inLanguage":"en-GB","potentialAction":[{"@type":"ReadAction","target":["http:\/\/apartmani-rusula.com\/hr\/kontakt-za-informacije-o-apartmanu\/"]}]},{"@type":"BreadcrumbList","@id":"http:\/\/apartmani-rusula.com\/hr\/kontakt-za-informacije-o-apartmanu\/#breadcrumb","itemListElement":[{"@type":"ListItem","position":1,"name":"Po\u010detna stranica","item":"http:\/\/apartmani-rusula.com\/hr\/"},{"@type":"ListItem","position":2,"name":"Kontakt"}]},{"@type":"WebSite","@id":"http:\/\/apartmani-rusula.com\/hr\/#website","url":"http:\/\/apartmani-rusula.com\/hr\/","name":"apartmani-rusula","description":"Sjajno mjesto za va\u0161 obiteljski odmor","publisher":{"@id":"http:\/\/apartmani-rusula.com\/hr\/#\/schema\/person\/41d5dcebde772fb095d34b0e6c22a28d"},"potentialAction":[{"@type":"SearchAction","target":{"@type":"EntryPoint","urlTemplate":"http:\/\/apartmani-rusula.com\/hr\/?s={search_term_string}"},"query-input":"required name=search_term_string"}],"inLanguage":"en-GB"},{"@type":["Person","Organization"],"@id":"http:\/\/apartmani-rusula.com\/hr\/#\/schema\/person\/41d5dcebde772fb095d34b0e6c22a28d","name":"smaretic","image":{"@type":"ImageObject","inLanguage":"en-GB","@id":"http:\/\/apartmani-rusula.com\/hr\/#\/schema\/person\/image\/","url":"https:\/\/secure.gravatar.com\/avatar\/40db27dd6db4fc60bc2f3682473aba3a?s=96&d=mm&r=g","contentUrl":"https:\/\/secure.gravatar.com\/avatar\/40db27dd6db4fc60bc2f3682473aba3a?s=96&d=mm&r=g","caption":"smaretic"},"logo":{"@id":"http:\/\/apartmani-rusula.com\/hr\/#\/schema\/person\/image\/"}}]}},"_links":{"self":[{"href":"https:\/\/apartmani-rusula.com\/en\/wp-json\/wp\/v2\/pages\/1262"}],"collection":[{"href":"https:\/\/apartmani-rusula.com\/en\/wp-json\/wp\/v2\/pages"}],"about":[{"href":"https:\/\/apartmani-rusula.com\/en\/wp-json\/wp\/v2\/types\/page"}],"author":[{"embeddable":true,"href":"https:\/\/apartmani-rusula.com\/en\/wp-json\/wp\/v2\/users\/1"}],"replies":[{"embeddable":true,"href":"https:\/\/apartmani-rusula.com\/en\/wp-json\/wp\/v2\/comments?post=1262"}],"version-history":[{"count":20,"href":"https:\/\/apartmani-rusula.com\/en\/wp-json\/wp\/v2\/pages\/1262\/revisions"}],"predecessor-version":[{"id":2111,"href":"https:\/\/apartmani-rusula.com\/en\/wp-json\/wp\/v2\/pages\/1262\/revisions\/2111"}],"wp:featuredmedia":[{"embeddable":true,"href":"https:\/\/apartmani-rusula.com\/en\/wp-json\/wp\/v2\/media\/1121"}],"wp:attachment":[{"href":"https:\/\/apartmani-rusula.com\/en\/wp-json\/wp\/v2\/media?parent=1262"}],"curies":[{"name":"wp","href":"https:\/\/api.w.org\/{rel}","templated":true}]}}