{"id":2188,"date":"2019-12-13T19:23:05","date_gmt":"2019-12-13T18:23:05","guid":{"rendered":"http:\/\/apartmani-rusula.com\/?page_id=2188"},"modified":"2019-12-15T12:58:43","modified_gmt":"2019-12-15T11:58:43","slug":"vila-rusula-cijela-kuca","status":"publish","type":"page","link":"http:\/\/apartmani-rusula.com\/en\/vila-rusula-cijela-kuca\/","title":{"rendered":"Villa RUSULA"},"content":{"rendered":"<div data-elementor-type=\"wp-post\" data-elementor-id=\"2188\" class=\"elementor elementor-2188\">\n\t\t\t\t\t\t<div class=\"elementor-inner\">\n\t\t\t\t<div class=\"elementor-section-wrap\">\n\t\t\t\t\t\t\t\t\t<section class=\"elementor-section elementor-top-section elementor-element elementor-element-69a0149 elementor-section-stretched elementor-section-full_width elementor-section-height-default elementor-section-height-default\" data-id=\"69a0149\" data-element_type=\"section\" data-settings=\"{&quot;stretch_section&quot;:&quot;section-stretched&quot;}\">\n\t\t\t\t\t\t<div class=\"elementor-container elementor-column-gap-default\">\n\t\t\t\t\t\t\t<div class=\"elementor-row\">\n\t\t\t\t\t<div class=\"elementor-column elementor-col-100 elementor-top-column elementor-element elementor-element-a5d517c\" data-id=\"a5d517c\" data-element_type=\"column\">\n\t\t\t<div class=\"elementor-column-wrap\">\n\t\t\t\t\t\t\t<div class=\"elementor-widget-wrap\">\n\t\t\t\t\t\t\t\t<\/div>\n\t\t\t\t\t<\/div>\n\t\t<\/div>\n\t\t\t\t\t\t\t\t<\/div>\n\t\t\t\t\t<\/div>\n\t\t<\/section>\n\t\t\t\t<section class=\"elementor-section elementor-top-section elementor-element elementor-element-32da30d elementor-section-boxed elementor-section-height-default elementor-section-height-default\" data-id=\"32da30d\" data-element_type=\"section\">\n\t\t\t\t\t\t<div class=\"elementor-container elementor-column-gap-default\">\n\t\t\t\t\t\t\t<div class=\"elementor-row\">\n\t\t\t\t\t<div class=\"elementor-column elementor-col-100 elementor-top-column elementor-element elementor-element-dea05d8\" data-id=\"dea05d8\" data-element_type=\"column\">\n\t\t\t<div class=\"elementor-column-wrap elementor-element-populated\">\n\t\t\t\t\t\t\t<div class=\"elementor-widget-wrap\">\n\t\t\t\t\t\t<div class=\"elementor-element elementor-element-17e7bc1 elementor-widget elementor-widget-heading\" data-id=\"17e7bc1\" data-element_type=\"widget\" data-widget_type=\"heading.default\">\n\t\t\t\t<div class=\"elementor-widget-container\">\n\t\t\t<h2 class=\"elementor-heading-title elementor-size-large\">Villa RUSULA<\/h2>\t\t<\/div>\n\t\t\t\t<\/div>\n\t\t\t\t<section class=\"elementor-section elementor-inner-section elementor-element elementor-element-a7def88 elementor-section-boxed elementor-section-height-default elementor-section-height-default\" data-id=\"a7def88\" data-element_type=\"section\">\n\t\t\t\t\t\t<div class=\"elementor-container elementor-column-gap-default\">\n\t\t\t\t\t\t\t<div class=\"elementor-row\">\n\t\t\t\t\t<div class=\"elementor-column elementor-col-50 elementor-inner-column elementor-element elementor-element-89066a1\" data-id=\"89066a1\" data-element_type=\"column\">\n\t\t\t<div class=\"elementor-column-wrap elementor-element-populated\">\n\t\t\t\t\t\t\t<div class=\"elementor-widget-wrap\">\n\t\t\t\t\t\t\t\t<\/div>\n\t\t\t\t\t<\/div>\n\t\t<\/div>\n\t\t\t\t<div class=\"elementor-column elementor-col-50 elementor-inner-column elementor-element elementor-element-e896ea6\" data-id=\"e896ea6\" data-element_type=\"column\">\n\t\t\t<div class=\"elementor-column-wrap elementor-element-populated\">\n\t\t\t\t\t\t\t<div class=\"elementor-widget-wrap\">\n\t\t\t\t\t\t<div class=\"elementor-element elementor-element-8fbd4af elementor-widget elementor-widget-text-editor\" data-id=\"8fbd4af\" data-element_type=\"widget\" data-widget_type=\"text-editor.default\">\n\t\t\t\t<div class=\"elementor-widget-container\">\n\t\t\t\t\t\t\t\t<div class=\"elementor-text-editor elementor-clearfix\">\n\t\t\t\t<h6>Accommodation data<\/h6><ul><li>Surface\u00a0114 m<sup><span style=\"font-size: xx-small;\">2<\/span><\/sup><\/li><li>Capacity 12 persons<\/li><li>Kitchen and living room in the same area<\/li><li>Air conditioning\u00a0<\/li><li>Satellite TV<\/li><li>Hi-Fi device<\/li><li>Grill<\/li><li>Outdoor shower<\/li><li>Refrigerator<\/li><li>Cooking plate<\/li><li>Dishwasher<\/li><li>Washing machine<\/li><li>Coffee machine<\/li><li>Hairdryer<\/li><li>Dishes and cutlery<\/li><li>Linens and towels<\/li><\/ul>\t\t\t\t\t<\/div>\n\t\t\t\t\t\t<\/div>\n\t\t\t\t<\/div>\n\t\t\t\t\t\t<\/div>\n\t\t\t\t\t<\/div>\n\t\t<\/div>\n\t\t\t\t\t\t\t\t<\/div>\n\t\t\t\t\t<\/div>\n\t\t<\/section>\n\t\t\t\t<div class=\"elementor-element elementor-element-8642e5a elementor-widget elementor-widget-text-editor\" data-id=\"8642e5a\" data-element_type=\"widget\" data-widget_type=\"text-editor.default\">\n\t\t\t\t<div class=\"elementor-widget-container\">\n\t\t\t\t\t\t\t\t<div class=\"elementor-text-editor elementor-clearfix\">\n\t\t\t\t<p>Villa RUSULA consists of two apartments, one located on the ground floor of the house (Apartment NINA) and the other one on the first floor (Apartment MAJA).<\/p><p>If you are a big family or if you want to spend your vacation together with another close family or friends, we recommend you to book the whole house \u2013 Villa RUSULA. This option is financially more favourable than separate booking of two apartments.<\/p><p>Villa RUSULA is located in a beautiful Mediterranean ambiance, in a quiet area of the Osibova Bay, on the southern coast of the island of Bra\u010d. The house is only 250 meters from the sea.<\/p><p>If you are looking for a peaceful and relaxing place for vacation away from the summer crowds of larger Bra\u010d places, in the shade of green pine trees, with the sounds of sea and crickets, Villa RUSULA is the perfect place for you. Enjoy the sun, the crystal clear sea, and the beautiful small town of Milna which is only 2 km away from the Osibova Bay.<\/p><p>The facility is air-conditioned and guests have access to the entire garden with covered outdoor areas for dining and lonuge, grill and related equipment, free parking space, outdoor shower with hot and cold water and free Wi-Fi.\u00a0<\/p>\t\t\t\t\t<\/div>\n\t\t\t\t\t\t<\/div>\n\t\t\t\t<\/div>\n\t\t\t\t\t\t<\/div>\n\t\t\t\t\t<\/div>\n\t\t<\/div>\n\t\t\t\t\t\t\t\t<\/div>\n\t\t\t\t\t<\/div>\n\t\t<\/section>\n\t\t\t\t<section class=\"elementor-section elementor-top-section elementor-element elementor-element-6880ff8 elementor-section-boxed elementor-section-height-default elementor-section-height-default\" data-id=\"6880ff8\" data-element_type=\"section\">\n\t\t\t\t\t\t<div class=\"elementor-container elementor-column-gap-wider\">\n\t\t\t\t\t\t\t<div class=\"elementor-row\">\n\t\t\t\t\t<div class=\"elementor-column elementor-col-100 elementor-top-column elementor-element elementor-element-61dcea9\" data-id=\"61dcea9\" data-element_type=\"column\">\n\t\t\t<div class=\"elementor-column-wrap elementor-element-populated\">\n\t\t\t\t\t\t\t<div class=\"elementor-widget-wrap\">\n\t\t\t\t\t\t<div class=\"elementor-element elementor-element-83136f0 elementor-widget elementor-widget-text-editor\" data-id=\"83136f0\" data-element_type=\"widget\" data-widget_type=\"text-editor.default\">\n\t\t\t\t<div class=\"elementor-widget-container\">\n\t\t\t\t\t\t\t\t<div class=\"elementor-text-editor elementor-clearfix\">\n\t\t\t\t<h5>Photo gallery\u00a0<\/h5>\t\t\t\t\t<\/div>\n\t\t\t\t\t\t<\/div>\n\t\t\t\t<\/div>\n\t\t\t\t<div class=\"elementor-element elementor-element-bc50906 elementor-widget elementor-widget-text-editor\" data-id=\"bc50906\" data-element_type=\"widget\" data-widget_type=\"text-editor.default\">\n\t\t\t\t<div class=\"elementor-widget-container\">\n\t\t\t\t\t\t\t\t<div class=\"elementor-text-editor elementor-clearfix\">\n\t\t\t\t<p><\/p>\t\t\t\t\t<\/div>\n\t\t\t\t\t\t<\/div>\n\t\t\t\t<\/div>\n\t\t\t\t\t\t<\/div>\n\t\t\t\t\t<\/div>\n\t\t<\/div>\n\t\t\t\t\t\t\t\t<\/div>\n\t\t\t\t\t<\/div>\n\t\t<\/section>\n\t\t\t\t<section class=\"elementor-section elementor-top-section elementor-element elementor-element-40ba729 elementor-section-boxed elementor-section-height-default elementor-section-height-default\" data-id=\"40ba729\" data-element_type=\"section\">\n\t\t\t\t\t\t<div class=\"elementor-container elementor-column-gap-default\">\n\t\t\t\t\t\t\t<div class=\"elementor-row\">\n\t\t\t\t\t<div class=\"elementor-column elementor-col-33 elementor-top-column elementor-element elementor-element-d0c6bd9\" data-id=\"d0c6bd9\" data-element_type=\"column\">\n\t\t\t<div class=\"elementor-column-wrap\">\n\t\t\t\t\t\t\t<div class=\"elementor-widget-wrap\">\n\t\t\t\t\t\t\t\t<\/div>\n\t\t\t\t\t<\/div>\n\t\t<\/div>\n\t\t\t\t<div class=\"elementor-column elementor-col-33 elementor-top-column elementor-element elementor-element-8173c2c\" data-id=\"8173c2c\" data-element_type=\"column\">\n\t\t\t<div class=\"elementor-column-wrap elementor-element-populated\">\n\t\t\t\t\t\t\t<div class=\"elementor-widget-wrap\">\n\t\t\t\t\t\t<div class=\"elementor-element elementor-element-187f47a elementor-widget elementor-widget-text-editor\" data-id=\"187f47a\" data-element_type=\"widget\" data-widget_type=\"text-editor.default\">\n\t\t\t\t<div class=\"elementor-widget-container\">\n\t\t\t\t\t\t\t\t<div class=\"elementor-text-editor elementor-clearfix\">\n\t\t\t\t<h5 style=\"text-align: center;\">Price list<\/h5><p><div id=\"supsystic-table-4_61355\" class=\"supsystic-tables-wrap disable-responsive\" style=\" width:100%; visibility: hidden; \" data-table-width-fixed=\"100%\" data-table-width-mobile=\"100%\" ><table id=\"supsystic-table-4\" class=\"supsystic-table compact border stripe hover lightboxImg no-border\" data-id=\"4\" data-view-id=\"4_61355\" data-title=\"Apartman RUSULA - cjenik boravka\" data-currency-format=\"$1,000.00\" data-percent-format=\"10.00%\" data-date-format=\"DD.MM.YYYY\" data-time-format=\"HH:mm\" data-features=\"[&quot;after_table_loaded_script&quot;]\" data-search-value=\"\" data-lightbox-img=\"\" data-head=\"on\" data-head-rows-count=\"1\" data-pagination-length=\"50,100,All\" data-auto-index=\"off\" data-searching-settings=\"{&quot;columnSearchPosition&quot;:&quot;bottom&quot;,&quot;minChars&quot;:&quot;0&quot;}\" data-lang=\"default\" data-override=\"{&quot;emptyTable&quot;:&quot;&quot;,&quot;info&quot;:&quot;&quot;,&quot;infoEmpty&quot;:&quot;&quot;,&quot;infoFiltered&quot;:&quot;&quot;,&quot;lengthMenu&quot;:&quot;&quot;,&quot;search&quot;:&quot;&quot;,&quot;previous&quot;:&quot;&quot;,&quot;next&quot;:&quot;&quot;,&quot;zeroRecords&quot;:&quot;&quot;,&quot;exportLabel&quot;:&quot;&quot;,&quot;file&quot;:&quot;default&quot;}\" data-merged=\"[]\" data-responsive-mode=\"3\" data-from-history=\"0\" ><thead><tr><th data-cell-id=\"A1\" data-x=\"0\" data-y=\"1\" data-db-index=\"1\" class=\"italic bold htCenter color-043b44 bg-ecf0f0\" data-cell-type=\"text\" data-original-value=\"Razdoblje\" data-order=\"Razdoblje\" style=\"min-width:56.9659%; \" >Period <\/th><th data-cell-id=\"B1\" data-x=\"1\" data-y=\"1\" data-db-index=\"1\" class=\"italic bold htRight color-043b44 bg-ecf0f0\" data-cell-type=\"text\" data-original-value=\"Cijena (\u20ac) \/dan\" data-order=\"Cijena (\u20ac) \/dan\" style=\"min-width:43.0341%; \" >Price (\u20ac)\/day <\/th><\/tr><\/thead><tbody><tr style=\"height:px\" ><td data-cell-id=\"A2\" data-x=\"0\" data-y=\"2\" data-db-index=\"2\" class=\"htCenter bg-eaeaea color-043b44\" data-cell-type=\"text\" data-original-value=\"01.01 - 30.05\" data-order=\"01.01 - 30.05\" >01.01 &#8211; 30.05 <\/td><td data-cell-id=\"B2\" data-x=\"1\" data-y=\"2\" data-db-index=\"2\" class=\"htRight bg-eaeaea color-043b44\" data-cell-type=\"text\" data-original-value=\"zatvoreno\" data-order=\"zatvoreno\" >Closed <\/td><\/tr><tr style=\"height:px\" ><td data-cell-id=\"A3\" data-x=\"0\" data-y=\"3\" data-db-index=\"3\" class=\"htCenter color-043b44 bg-ecf0f0\" data-cell-type=\"text\" data-original-value=\"01.06 - 30.06\" data-order=\"01.06 - 30.06\" >01.06 &#8211; 30.06 <\/td><td data-cell-id=\"B3\" data-x=\"1\" data-y=\"3\" data-db-index=\"3\" class=\"htRight color-043b44 bg-ecf0f0\" data-cell-type=\"text\" data-original-value=\"nije dostupno\" data-order=\"nije dostupno\" >not available <\/td><\/tr><tr style=\"height:px\" ><td data-cell-id=\"A4\" data-x=\"0\" data-y=\"4\" data-db-index=\"4\" class=\"htCenter bg-eaeaea color-043b44\" data-cell-type=\"text\" data-original-value=\"01.07 - 31.08\" data-order=\"01.07 - 31.08\" >01.07 &#8211; 31.08 <\/td><td data-cell-id=\"B4\" data-x=\"1\" data-y=\"4\" data-db-index=\"4\" class=\"htRight bg-eaeaea color-043b44\" data-cell-type=\"text\" data-original-value=\"nije dostupno\" data-order=\"nije dostupno\" >not available <\/td><\/tr><tr style=\"height:px\" ><td data-cell-id=\"A5\" data-x=\"0\" data-y=\"5\" data-db-index=\"5\" class=\"htCenter color-043b44 bg-ecf0f0\" data-cell-type=\"text\" data-original-value=\"01.09 - 30.09\" data-order=\"01.09 - 30.09\" >01.09 &#8211; 30.09 <\/td><td data-cell-id=\"B5\" data-x=\"1\" data-y=\"5\" data-db-index=\"5\" class=\"htRight color-043b44 bg-ecf0f0\" data-cell-type=\"text\" data-cell-format-type=\"number\" data-original-value=\"nije dostupno\" data-order=\"nije dostupno\" >not available <\/td><\/tr><tr style=\"height:px\" ><td data-cell-id=\"A6\" data-x=\"0\" data-y=\"6\" data-db-index=\"6\" class=\"htCenter bg-eaeaea color-043b44\" data-cell-type=\"text\" data-original-value=\"01.10 - 31.12\" data-order=\"01.10 - 31.12\" >01.10 &#8211; 31.12 <\/td><td data-cell-id=\"B6\" data-x=\"1\" data-y=\"6\" data-db-index=\"6\" class=\"htRight bg-eaeaea color-043b44\" data-cell-type=\"text\" data-original-value=\"zatvoreno\" data-order=\"zatvoreno\" >Closed <\/td><\/tr><\/tbody><\/table><!-- \/#supsystic-table-4.supsystic-table --><\/div><!-- \/.supsystic-tables-wrap --><!-- Tables Generator by Supsystic --><!-- Version:1.10.36 --><!-- http:\/\/supsystic.com\/ --><a title=\"WordPress Tables\" style=\"display:none;\" href=\"https:\/\/supsystic.com\/plugins\/wordpress-data-table-plugin\/?utm_medium=love_link\" target=\"_blank\">WordPress Tables<\/a><\/p>\t\t\t\t\t<\/div>\n\t\t\t\t\t\t<\/div>\n\t\t\t\t<\/div>\n\t\t\t\t<div class=\"elementor-element elementor-element-4582eec elementor-align-center elementor-widget elementor-widget-button\" data-id=\"4582eec\" data-element_type=\"widget\" data-widget_type=\"button.default\">\n\t\t\t\t<div class=\"elementor-widget-container\">\n\t\t\t\t\t<div class=\"elementor-button-wrapper\">\n\t\t\t<a href=\"http:\/\/apartmani-rusula.com\/en\/kontakt\/\" class=\"elementor-button-link elementor-button elementor-size-sm elementor-animation-pulse\" role=\"button\" id=\"posalji-upit\">\n\t\t\t\t\t\t<span class=\"elementor-button-content-wrapper\">\n\t\t\t\t\t\t<span class=\"elementor-button-text\">Send inquiry<\/span>\n\t\t<\/span>\n\t\t\t\t\t<\/a>\n\t\t<\/div>\n\t\t\t\t<\/div>\n\t\t\t\t<\/div>\n\t\t\t\t\t\t<\/div>\n\t\t\t\t\t<\/div>\n\t\t<\/div>\n\t\t\t\t<div class=\"elementor-column elementor-col-33 elementor-top-column elementor-element elementor-element-8f7409b\" data-id=\"8f7409b\" data-element_type=\"column\">\n\t\t\t<div class=\"elementor-column-wrap\">\n\t\t\t\t\t\t\t<div class=\"elementor-widget-wrap\">\n\t\t\t\t\t\t\t\t<\/div>\n\t\t\t\t\t<\/div>\n\t\t<\/div>\n\t\t\t\t\t\t\t\t<\/div>\n\t\t\t\t\t<\/div>\n\t\t<\/section>\n\t\t\t\t\t\t\t\t\t<\/div>\n\t\t\t<\/div>\n\t\t\t\t\t<\/div>","protected":false},"excerpt":{"rendered":"<p>Vila RUSULA Podaci o smje\u0161taju povr\u0161ina 114 m2 kapacitet 12 osoba kuhinja i boravak u istoj prostoriji klima ure\u0111aj\u00a0 satelitska TV Hi-Fi ure\u0111aj ro\u0161tilj vanjski tu\u0161 hladnjak plo\u010da za kuhanje perilica su\u0111a perilica rublja aparat za kavu su\u0161ilo za kosu posu\u0111e i pribor za jelo posteljina i ru\u010dnici Vila RUSULA sastoji se od dva apartmana [&hellip;]<\/p>","protected":false},"author":1,"featured_media":1121,"parent":0,"menu_order":0,"comment_status":"closed","ping_status":"closed","template":"","meta":[],"yoast_head":"<!-- This site is optimized with the Yoast SEO plugin v20.6 - https:\/\/yoast.com\/wordpress\/plugins\/seo\/ -->\n<title>Vila RUSULA - apartmani-rusula<\/title>\n<meta name=\"robots\" content=\"index, follow, max-snippet:-1, max-image-preview:large, max-video-preview:-1\" \/>\n<link rel=\"canonical\" href=\"http:\/\/apartmani-rusula.com\/en\/vila-rusula-cijela-kuca\/\" \/>\n<meta property=\"og:locale\" content=\"en_GB\" \/>\n<meta property=\"og:type\" content=\"article\" \/>\n<meta property=\"og:title\" content=\"Vila RUSULA - apartmani-rusula\" \/>\n<meta property=\"og:description\" content=\"Vila RUSULA Podaci o smje\u0161taju povr\u0161ina 114 m2 kapacitet 12 osoba kuhinja i boravak u istoj prostoriji klima ure\u0111aj\u00a0 satelitska TV Hi-Fi ure\u0111aj ro\u0161tilj vanjski tu\u0161 hladnjak plo\u010da za kuhanje perilica su\u0111a perilica rublja aparat za kavu su\u0161ilo za kosu posu\u0111e i pribor za jelo posteljina i ru\u010dnici Vila RUSULA sastoji se od dva apartmana [&hellip;]\" \/>\n<meta property=\"og:url\" content=\"http:\/\/apartmani-rusula.com\/en\/vila-rusula-cijela-kuca\/\" \/>\n<meta property=\"og:site_name\" content=\"apartmani-rusula\" \/>\n<meta property=\"article:modified_time\" content=\"2019-12-15T11:58:43+00:00\" \/>\n<meta property=\"og:image\" content=\"http:\/\/apartmani-rusula.com\/wp-content\/uploads\/2018\/12\/Banner_1.jpg\" \/>\n\t<meta property=\"og:image:width\" content=\"1916\" \/>\n\t<meta property=\"og:image:height\" content=\"311\" \/>\n\t<meta property=\"og:image:type\" content=\"image\/jpeg\" \/>\n<meta name=\"twitter:card\" content=\"summary_large_image\" \/>\n<meta name=\"twitter:label1\" content=\"Estimated reading time\" \/>\n\t<meta name=\"twitter:data1\" content=\"1 minute\" \/>\n<script type=\"application\/ld+json\" class=\"yoast-schema-graph\">{\"@context\":\"https:\/\/schema.org\",\"@graph\":[{\"@type\":\"WebPage\",\"@id\":\"http:\/\/apartmani-rusula.com\/hr\/vila-rusula-cijela-kuca\/\",\"url\":\"http:\/\/apartmani-rusula.com\/hr\/vila-rusula-cijela-kuca\/\",\"name\":\"Vila RUSULA - apartmani-rusula\",\"isPartOf\":{\"@id\":\"http:\/\/apartmani-rusula.com\/hr\/#website\"},\"datePublished\":\"2019-12-13T18:23:05+00:00\",\"dateModified\":\"2019-12-15T11:58:43+00:00\",\"breadcrumb\":{\"@id\":\"http:\/\/apartmani-rusula.com\/hr\/vila-rusula-cijela-kuca\/#breadcrumb\"},\"inLanguage\":\"en-GB\",\"potentialAction\":[{\"@type\":\"ReadAction\",\"target\":[\"http:\/\/apartmani-rusula.com\/hr\/vila-rusula-cijela-kuca\/\"]}]},{\"@type\":\"BreadcrumbList\",\"@id\":\"http:\/\/apartmani-rusula.com\/hr\/vila-rusula-cijela-kuca\/#breadcrumb\",\"itemListElement\":[{\"@type\":\"ListItem\",\"position\":1,\"name\":\"Po\u010detna stranica\",\"item\":\"http:\/\/apartmani-rusula.com\/hr\/\"},{\"@type\":\"ListItem\",\"position\":2,\"name\":\"Vila RUSULA\"}]},{\"@type\":\"WebSite\",\"@id\":\"http:\/\/apartmani-rusula.com\/hr\/#website\",\"url\":\"http:\/\/apartmani-rusula.com\/hr\/\",\"name\":\"apartmani-rusula\",\"description\":\"Sjajno mjesto za va\u0161 obiteljski odmor\",\"publisher\":{\"@id\":\"http:\/\/apartmani-rusula.com\/hr\/#\/schema\/person\/41d5dcebde772fb095d34b0e6c22a28d\"},\"potentialAction\":[{\"@type\":\"SearchAction\",\"target\":{\"@type\":\"EntryPoint\",\"urlTemplate\":\"http:\/\/apartmani-rusula.com\/hr\/?s={search_term_string}\"},\"query-input\":\"required name=search_term_string\"}],\"inLanguage\":\"en-GB\"},{\"@type\":[\"Person\",\"Organization\"],\"@id\":\"http:\/\/apartmani-rusula.com\/hr\/#\/schema\/person\/41d5dcebde772fb095d34b0e6c22a28d\",\"name\":\"smaretic\",\"image\":{\"@type\":\"ImageObject\",\"inLanguage\":\"en-GB\",\"@id\":\"http:\/\/apartmani-rusula.com\/hr\/#\/schema\/person\/image\/\",\"url\":\"http:\/\/1.gravatar.com\/avatar\/40db27dd6db4fc60bc2f3682473aba3a?s=96&d=mm&r=g\",\"contentUrl\":\"http:\/\/1.gravatar.com\/avatar\/40db27dd6db4fc60bc2f3682473aba3a?s=96&d=mm&r=g\",\"caption\":\"smaretic\"},\"logo\":{\"@id\":\"http:\/\/apartmani-rusula.com\/hr\/#\/schema\/person\/image\/\"}}]}<\/script>\n<!-- \/ Yoast SEO plugin. -->","yoast_head_json":{"title":"Vila RUSULA - apartmani-rusula","robots":{"index":"index","follow":"follow","max-snippet":"max-snippet:-1","max-image-preview":"max-image-preview:large","max-video-preview":"max-video-preview:-1"},"canonical":"http:\/\/apartmani-rusula.com\/en\/vila-rusula-cijela-kuca\/","og_locale":"en_GB","og_type":"article","og_title":"Vila RUSULA - apartmani-rusula","og_description":"Vila RUSULA Podaci o smje\u0161taju povr\u0161ina 114 m2 kapacitet 12 osoba kuhinja i boravak u istoj prostoriji klima ure\u0111aj\u00a0 satelitska TV Hi-Fi ure\u0111aj ro\u0161tilj vanjski tu\u0161 hladnjak plo\u010da za kuhanje perilica su\u0111a perilica rublja aparat za kavu su\u0161ilo za kosu posu\u0111e i pribor za jelo posteljina i ru\u010dnici Vila RUSULA sastoji se od dva apartmana [&hellip;]","og_url":"http:\/\/apartmani-rusula.com\/en\/vila-rusula-cijela-kuca\/","og_site_name":"apartmani-rusula","article_modified_time":"2019-12-15T11:58:43+00:00","og_image":[{"width":1916,"height":311,"url":"http:\/\/apartmani-rusula.com\/wp-content\/uploads\/2018\/12\/Banner_1.jpg","type":"image\/jpeg"}],"twitter_card":"summary_large_image","twitter_misc":{"Estimated reading time":"1 minute"},"schema":{"@context":"https:\/\/schema.org","@graph":[{"@type":"WebPage","@id":"http:\/\/apartmani-rusula.com\/hr\/vila-rusula-cijela-kuca\/","url":"http:\/\/apartmani-rusula.com\/hr\/vila-rusula-cijela-kuca\/","name":"Vila RUSULA - apartmani-rusula","isPartOf":{"@id":"http:\/\/apartmani-rusula.com\/hr\/#website"},"datePublished":"2019-12-13T18:23:05+00:00","dateModified":"2019-12-15T11:58:43+00:00","breadcrumb":{"@id":"http:\/\/apartmani-rusula.com\/hr\/vila-rusula-cijela-kuca\/#breadcrumb"},"inLanguage":"en-GB","potentialAction":[{"@type":"ReadAction","target":["http:\/\/apartmani-rusula.com\/hr\/vila-rusula-cijela-kuca\/"]}]},{"@type":"BreadcrumbList","@id":"http:\/\/apartmani-rusula.com\/hr\/vila-rusula-cijela-kuca\/#breadcrumb","itemListElement":[{"@type":"ListItem","position":1,"name":"Po\u010detna stranica","item":"http:\/\/apartmani-rusula.com\/hr\/"},{"@type":"ListItem","position":2,"name":"Vila RUSULA"}]},{"@type":"WebSite","@id":"http:\/\/apartmani-rusula.com\/hr\/#website","url":"http:\/\/apartmani-rusula.com\/hr\/","name":"apartmani-rusula","description":"Sjajno mjesto za va\u0161 obiteljski odmor","publisher":{"@id":"http:\/\/apartmani-rusula.com\/hr\/#\/schema\/person\/41d5dcebde772fb095d34b0e6c22a28d"},"potentialAction":[{"@type":"SearchAction","target":{"@type":"EntryPoint","urlTemplate":"http:\/\/apartmani-rusula.com\/hr\/?s={search_term_string}"},"query-input":"required name=search_term_string"}],"inLanguage":"en-GB"},{"@type":["Person","Organization"],"@id":"http:\/\/apartmani-rusula.com\/hr\/#\/schema\/person\/41d5dcebde772fb095d34b0e6c22a28d","name":"smaretic","image":{"@type":"ImageObject","inLanguage":"en-GB","@id":"http:\/\/apartmani-rusula.com\/hr\/#\/schema\/person\/image\/","url":"http:\/\/1.gravatar.com\/avatar\/40db27dd6db4fc60bc2f3682473aba3a?s=96&d=mm&r=g","contentUrl":"http:\/\/1.gravatar.com\/avatar\/40db27dd6db4fc60bc2f3682473aba3a?s=96&d=mm&r=g","caption":"smaretic"},"logo":{"@id":"http:\/\/apartmani-rusula.com\/hr\/#\/schema\/person\/image\/"}}]}},"_links":{"self":[{"href":"http:\/\/apartmani-rusula.com\/en\/wp-json\/wp\/v2\/pages\/2188"}],"collection":[{"href":"http:\/\/apartmani-rusula.com\/en\/wp-json\/wp\/v2\/pages"}],"about":[{"href":"http:\/\/apartmani-rusula.com\/en\/wp-json\/wp\/v2\/types\/page"}],"author":[{"embeddable":true,"href":"http:\/\/apartmani-rusula.com\/en\/wp-json\/wp\/v2\/users\/1"}],"replies":[{"embeddable":true,"href":"http:\/\/apartmani-rusula.com\/en\/wp-json\/wp\/v2\/comments?post=2188"}],"version-history":[{"count":6,"href":"http:\/\/apartmani-rusula.com\/en\/wp-json\/wp\/v2\/pages\/2188\/revisions"}],"predecessor-version":[{"id":2310,"href":"http:\/\/apartmani-rusula.com\/en\/wp-json\/wp\/v2\/pages\/2188\/revisions\/2310"}],"wp:featuredmedia":[{"embeddable":true,"href":"http:\/\/apartmani-rusula.com\/en\/wp-json\/wp\/v2\/media\/1121"}],"wp:attachment":[{"href":"http:\/\/apartmani-rusula.com\/en\/wp-json\/wp\/v2\/media?parent=2188"}],"curies":[{"name":"wp","href":"https:\/\/api.w.org\/{rel}","templated":true}]}}